{"id":1919,"date":"2021-12-11T14:08:30","date_gmt":"2021-12-11T12:08:30","guid":{"rendered":"https:\/\/www.tribodyn-nordic.com\/ofte-stillede-spoergsmaal\/"},"modified":"2024-01-14T11:24:33","modified_gmt":"2024-01-14T09:24:33","slug":"ofte-stillede-spoergsmaal","status":"publish","type":"page","link":"https:\/\/www.tribodyn-nordic.com\/da\/ofte-stillede-spoergsmaal\/","title":{"rendered":"OFTE STILLEDE SP\u00d8RGSM\u00c5L"},"content":{"rendered":"[vc_row type=&#8221;in_container&#8221; full_screen_row_position=&#8221;middle&#8221; column_margin=&#8221;default&#8221; column_direction=&#8221;default&#8221; column_direction_tablet=&#8221;default&#8221; column_direction_phone=&#8221;default&#8221; scene_position=&#8221;center&#8221; text_color=&#8221;dark&#8221; text_align=&#8221;left&#8221; row_border_radius=&#8221;none&#8221; row_border_radius_applies=&#8221;bg&#8221; overflow=&#8221;visible&#8221; overlay_strength=&#8221;0.3&#8243; gradient_direction=&#8221;left_to_right&#8221; shape_divider_position=&#8221;bottom&#8221; bg_image_animation=&#8221;none&#8221;][vc_column column_padding=&#8221;no-extra-padding&#8221; column_padding_tablet=&#8221;inherit&#8221; column_padding_phone=&#8221;inherit&#8221; column_padding_position=&#8221;all&#8221; column_element_spacing=&#8221;default&#8221; background_color_opacity=&#8221;1&#8243; background_hover_color_opacity=&#8221;1&#8243; column_shadow=&#8221;none&#8221; column_border_radius=&#8221;none&#8221; column_link_target=&#8221;_self&#8221; column_position=&#8221;default&#8221; gradient_direction=&#8221;left_to_right&#8221; overlay_strength=&#8221;0.3&#8243; width=&#8221;1\/1&#8243; tablet_width_inherit=&#8221;default&#8221; tablet_text_alignment=&#8221;default&#8221; phone_text_alignment=&#8221;default&#8221; animation_type=&#8221;default&#8221; bg_image_animation=&#8221;none&#8221; border_type=&#8221;simple&#8221; column_border_width=&#8221;none&#8221; column_border_style=&#8221;solid&#8221;]<div class=\"lvca-accordion lvca-style1\" data-toggle=\"false\" data-expanded=\"false\"><div class=\"lvca-panel\" id=\"\"><div class=\"lvca-panel-title\">TriboDyn\u00ae:in suosittellut k\u00e4ytt\u00f6tarkoitukset?<\/div><div class=\"lvca-panel-content\">Alle motorer, gearkasser, differentialer af \u00e5ben, bakke- eller spool-typen. TriboDyn\u00ae fremstiller ogs\u00e5 specialolier, der anbefales til: automatiske transmissioner, differentialer af positraction-typen eller enhver form for koblingsenhed.<\/div><\/div><!-- .lvca-panel --><\/div><!-- .lvca-accordion --><div class=\"lvca-accordion lvca-style1\" data-toggle=\"false\" data-expanded=\"false\"><div class=\"lvca-panel\" id=\"\"><div class=\"lvca-panel-title\">Kuinka usein minun pit\u00e4isi vaihtaa \u00f6ljyt?<\/div><div class=\"lvca-panel-content\">Vi anbefaler at skifte olie og filter i henhold til producentens anbefalinger. Men mange af vores kunder oplever, at n\u00e5r de skifter olie, er olien ikke s\u00e5 beskidt som normalt p\u00e5 grund af TriboDyn\u00aes evne til at reducere friktion og slid. Det er ofte muligt at forl\u00e6nge intervallet for olieskift.<\/div><\/div><!-- .lvca-panel --><\/div><!-- .lvca-accordion --><div class=\"lvca-accordion lvca-style1\" data-toggle=\"false\" data-expanded=\"false\"><div class=\"lvca-panel\" id=\"\"><div class=\"lvca-panel-title\">Vaikuttaako TriboDyn\u00ae-moottori\u00f6ljy autoni kiihtyvyyteen?<\/div><div class=\"lvca-panel-content\">Mange motorer t\u00f8ver, n\u00e5r man tr\u00e6der hurtigt p\u00e5 speederen, bl.a. p\u00e5 grund af friktion i motoren. TriboDyn\u00ae reducerer dramatisk motorens friktion og metal-mod-metal-slid under h\u00f8je motorbelastningsforhold. Forskellen i motorhastighed kan ogs\u00e5 ses i bilens acceleration.<\/div><\/div><!-- .lvca-panel --><div class=\"lvca-panel\" id=\"\"><div class=\"lvca-panel-title\">Voinko k\u00e4ytt\u00e4\u00e4 TriboDyn\u00ae-tuotteita venemoottorini kanssa?<\/div><div class=\"lvca-panel-content\">TriboDyn\u00ae fungerer godt i skibsmotorer. Det skal bruges p\u00e5 samme m\u00e5de som i bil- og dieselmotorer. TriboDyns unikke formel giver ogs\u00e5 kontinuerlig beskyttelse ved at gribe fat i kritiske omr\u00e5der uden at for\u00e5rsage modstand.<\/p>\n<p>TriboDyn\u00ae-gearkasseolier kan ogs\u00e5 bruges i den nederste gearkasse, hvor propellen er placeret.<\/div><\/div><!-- .lvca-panel --><div class=\"lvca-panel\" id=\"\"><div class=\"lvca-panel-title\">Vaikuttaako TriboDyn\u00ae-moottori\u00f6ljy autoni kiihtyvyyteen?<\/div><div class=\"lvca-panel-content\">Mange motorer t\u00f8ver, n\u00e5r man tr\u00e6der hurtigt p\u00e5 speederen, bl.a. p\u00e5 grund af friktion i motoren. TriboDyn\u00ae reducerer dramatisk motorens friktion og metal-mod-metal-slid under h\u00f8je motorbelastningsforhold. Forskellen i motorhastighed kan ogs\u00e5 ses i bilens acceleration.<\/div><\/div><!-- .lvca-panel --><div class=\"lvca-panel\" id=\"\"><div class=\"lvca-panel-title\">Kuinka TriboDyn\u00ae toimii dieselmoottoreiden kanssa?<\/div><div class=\"lvca-panel-content\">Uafh\u00e6ngige tests viser, at det med TriboDyn\u00ae er muligt at opn\u00e5 br\u00e6ndstofbesparelser p\u00e5 op til 10%.<\/p>\n<p>TriboDyn\u00ae reducerer slid p\u00e5 dele, \u00f8ger hestekr\u00e6fter og drejningsmoment, forbedrer stempelringens t\u00e6thed, reducerer olieforbruget, s\u00e6nker k\u00f8lev\u00e6sketemperaturen, reducerer motorolieforbr\u00e6ndingen under drift og letter koldstart.<\/p>\n<p>En lettere start betyder naturligvis ogs\u00e5, at batteriets levetid forl\u00e6nges betydeligt!<\/div><\/div><!-- .lvca-panel --><div class=\"lvca-panel\" id=\"\"><div class=\"lvca-panel-title\">Voinko k\u00e4ytt\u00e4\u00e4 TriboDyn\u00ae-vaihteisto\u00f6ljy\u00e4 tasauspy\u00f6r\u00e4st\u00f6ss\u00e4?<\/div><div class=\"lvca-panel-content\">Ja, det kan du. TriboDyn\u00ae reducerer ogs\u00e5 slid og hj\u00e6lper med at k\u00f8le differentialet. TriboDyn\u00aes unikke formulering giver ogs\u00e5 kontinuerlig beskyttelse ved at kl\u00e6be til kritiske omr\u00e5der uden modstand, hvilket giver l\u00f8bende fordele, mens den beskytter mod korrosion.<\/div><\/div><!-- .lvca-panel --><div class=\"lvca-panel\" id=\"\"><div class=\"lvca-panel-title\">Parantaako TriboDyn\u00ae polttoainetalouttani?<\/div><div class=\"lvca-panel-content\">Reduceret friktion betyder bedre br\u00e6ndstofeffektivitet med TriboDyn\u00ae-teknologi. P\u00e5 trods af den store variation i motorer og f\u00f8rere har uafh\u00e6ngige tests vist en betydelig forbedring af br\u00e6ndstof\u00f8konomien ved brug af TriboDyn\u00ae-olier.<\/div><\/div><!-- .lvca-panel --><div class=\"lvca-panel\" id=\"\"><div class=\"lvca-panel-title\">Kuinka TriboDyn\u00ae vaikuttaa joutok\u00e4ynti nopeuteen?<\/div><div class=\"lvca-panel-content\">I \u00e6ldre motorer er det ikke us\u00e6dvanligt, at tomgangshastigheden stiger, n\u00e5r TriboDyn\u00ae anvendes. Hvis din motor har alvorlige interne friktionsproblemer, kan forbedringen med TriboDyn\u00ae v\u00e6re ret dramatisk. Det er mindre m\u00e6rkbart i motorer, der er i god stand.<\/div><\/div><!-- .lvca-panel --><div class=\"lvca-panel\" id=\"\"><div class=\"lvca-panel-title\">Pident\u00e4\u00e4k\u00f6 TriboDyn\u00ae moottorin k\u00e4ytt\u00f6ik\u00e4\u00e4?<\/div><div class=\"lvca-panel-content\">TriboDyn\u00ae er designet til at minimere friktion og slid, forl\u00e6nge komponenternes og motorens levetid, s\u00e6nke driftstemperaturen og fungere under ekstremt tryk og varme. Alle disse fordele b\u00f8r forl\u00e6nge levetiden for motorer, der k\u00f8rer p\u00e5 TriboDyn\u00ae-motorolier. Bedre br\u00e6ndstof\u00f8konomi, f\u00e6rre reparationer kombineret med l\u00e6ngere motorlevetid betyder besparelser i driftsomkostningerne.<\/div><\/div><!-- .lvca-panel --><div class=\"lvca-panel\" id=\"\"><div class=\"lvca-panel-title\">Onko TriboDyn\u00ae moottoripy\u00f6r\u00e4\u00f6ljyj\u00e4 sek\u00e4 kuiva- ett\u00e4 m\u00e4rk\u00e4kytkinmoottoreihin?<\/div><div class=\"lvca-panel-content\">TriboDyn\u00ae-motorolie fungerer rigtig godt i 4-taktsmotorer med separat sump og t\u00f8rkobling. TriboDyn\u00ae JASO MA2 motorcykelolie er designet til brug i v\u00e5dkoblingssystemer, hvor motorolien ogs\u00e5 bruges til at sm\u00f8re gearkassen og koblingen (v\u00e5dkobling).<\/div><\/div><!-- .lvca-panel --><div class=\"lvca-panel\" id=\"\"><div class=\"lvca-panel-title\">Ent\u00e4 uuden auton takuu?<\/div><div class=\"lvca-panel-content\">TriboDyn\u00ae p\u00e5virker ikke garantien p\u00e5 din nye bil. Vi anbefaler, at du k\u00f8rer din nye bil i 2000-5000 km, f\u00f8r du tils\u00e6tter TriboDyn\u00ae-motorolie.<\/div><\/div><!-- .lvca-panel --><div class=\"lvca-panel\" id=\"\"><div class=\"lvca-panel-title\">Auttaako TriboDyn\u00ae:in k\u00e4ytt\u00f6 \u00f6ljy\u00e4 kuluttavassa moottorissa?<\/div><div class=\"lvca-panel-content\">Mange gamle motorer viser tegn p\u00e5 olieforbr\u00e6nding. Uafh\u00e6ngige tests har vist, at TriboDyn\u00ae forbedrer stempelringens t\u00e6thed, hvilket \u00f8ger br\u00e6ndstof\u00f8konomien og reducerer olieforbruget. TriboDyn\u00ae kan ogs\u00e5 hj\u00e6lpe i nogle tilf\u00e6lde ved at l\u00f8sne delvist fastsiddende stempelringe. Men hvis stempelringene sidder fast i rillerne, eller cylinderen er for l\u00f8s, kan intet sm\u00f8remiddel fjerne olieforbruget.<\/div><\/div><!-- .lvca-panel --><div class=\"lvca-panel\" id=\"\"><div class=\"lvca-panel-title\">Voiko TriboDyn\u00ae vahingoittaa \u00f6ljysuodatinta?<\/div><div class=\"lvca-panel-content\">Nej, det er det ikke. TriboDyn\u00ae er fremstillet af r\u00e5materialer, der ikke tilstopper eller forstyrrer den normale oliefiltrering. TriboDyn kritiske sm\u00f8remidler filtreres ikke af konventionelle eller h\u00f8jeffektive filtreringssystemer med sk\u00e6rme\/filtre p\u00e5 4 mikron eller st\u00f8rre.<\/div><\/div><!-- .lvca-panel --><div class=\"lvca-panel\" id=\"\"><div class=\"lvca-panel-title\">Toimiiko TriboDyn\u00ae vanhempien moottoreiden kanssa?<\/div><div class=\"lvca-panel-content\">Ja, det er det. Men hvis der er tale om en gammel klassiker med olie fra f\u00f8r 1950, anbefaler vi, at man skiller motoren ad og fysisk renser krumtaphuset og ventilhovedet for slam.<\/div><\/div><!-- .lvca-panel --><div class=\"lvca-panel\" id=\"\"><div class=\"lvca-panel-title\">Kuinka TriboDyn\u00ae auttaa kuumak\u00e4ynnistyst\u00e4?<\/div><div class=\"lvca-panel-content\">TriboDyn\u00ae hj\u00e6lper ved at reducere friktionen mellem varme motordele. Uafh\u00e6ngige Dyno-testdata viser, at motorolien k\u00f8rer k\u00f8ligere, n\u00e5r man bruger TriboDyn\u00ae-olier.<\/div><\/div><!-- .lvca-panel --><div class=\"lvca-panel\" id=\"\"><div class=\"lvca-panel-title\">Voiko TriboDyn\u00ae auttaa kylm\u00e4ll\u00e4 s\u00e4\u00e4ll\u00e4?<\/div><div class=\"lvca-panel-content\">TriboDyn\u00ae \u00f8ger starthastigheden p\u00e5 kolde motorer, is\u00e6r med dieselmotorer. Lettere start betyder naturligvis ogs\u00e5 l\u00e6ngere batterilevetid!<\/div><\/div><!-- .lvca-panel --><div class=\"lvca-panel\" id=\"\"><div class=\"lvca-panel-title\">Voiko TriboDyn\u00ae: i\u00e4 k\u00e4ytt\u00e4\u00e4 manuaali ja automaattivaihteistossa?<\/div><div class=\"lvca-panel-content\">TriboDyn\u00ae-gearolier kan bruges i alle manuelle gearkasser, undtagen hvor ATF anbefales. TriboDyn\u00ae MV-ATF anbefales til automatiske transmissioner.<\/div><\/div><!-- .lvca-panel --><div class=\"lvca-panel\" id=\"\"><div class=\"lvca-panel-title\">Kuinka TriboDyn\u00ae toimii turboahtimien kanssa?<\/div><div class=\"lvca-panel-content\">Turboladede motorer fungerer rigtig godt med TriboDyn\u00ae.<\/div><\/div><!-- .lvca-panel --><div class=\"lvca-panel\" id=\"\"><div class=\"lvca-panel-title\">Kuinka TriboDyn\u00ae vaikuttaa moottorin kulumiseen?<\/div><div class=\"lvca-panel-content\">TriboDyn\u00ae er designet til at minimere friktion og slid, forl\u00e6nge komponenternes og motorens levetid, s\u00e6nke driftstemperaturen og fungere under ekstremt tryk og varme. Alle disse fordele skulle hj\u00e6lpe med at reducere motorslid og forl\u00e6nge motorens levetid.<\/div><\/div><!-- .lvca-panel --><\/div><!-- .lvca-accordion -->[\/vc_column][\/vc_row]\n","protected":false},"excerpt":{"rendered":"<p>[vc_row type=&#8221;in_container&#8221; full_screen_row_position=&#8221;middle&#8221; column_margin=&#8221;default&#8221; column_direction=&#8221;default&#8221; column_direction_tablet=&#8221;default&#8221; column_direction_phone=&#8221;default&#8221; scene_position=&#8221;center&#8221; text_color=&#8221;dark&#8221; text_align=&#8221;left&#8221; row_border_radius=&#8221;none&#8221; row_border_radius_applies=&#8221;bg&#8221; overflow=&#8221;visible&#8221; overlay_strength=&#8221;0.3&#8243; gradient_direction=&#8221;left_to_right&#8221; shape_divider_position=&#8221;bottom&#8221; bg_image_animation=&#8221;none&#8221;][vc_column column_padding=&#8221;no-extra-padding&#8221; column_padding_tablet=&#8221;inherit&#8221; column_padding_phone=&#8221;inherit&#8221; column_padding_position=&#8221;all&#8221; column_element_spacing=&#8221;default&#8221; background_color_opacity=&#8221;1&#8243; background_hover_color_opacity=&#8221;1&#8243; column_shadow=&#8221;none&#8221; column_border_radius=&#8221;none&#8221; column_link_target=&#8221;_self&#8221; column_position=&#8221;default&#8221; gradient_direction=&#8221;left_to_right&#8221; overlay_strength=&#8221;0.3&#8243;&#8230;<\/p>\n","protected":false},"author":1,"featured_media":0,"parent":0,"menu_order":0,"comment_status":"closed","ping_status":"closed","template":"","meta":{"footnotes":""},"class_list":["post-1919","page","type-page","status-publish"],"jetpack_sharing_enabled":true,"_links":{"self":[{"href":"https:\/\/www.tribodyn-nordic.com\/da\/wp-json\/wp\/v2\/pages\/1919","targetHints":{"allow":["GET"]}}],"collection":[{"href":"https:\/\/www.tribodyn-nordic.com\/da\/wp-json\/wp\/v2\/pages"}],"about":[{"href":"https:\/\/www.tribodyn-nordic.com\/da\/wp-json\/wp\/v2\/types\/page"}],"author":[{"embeddable":true,"href":"https:\/\/www.tribodyn-nordic.com\/da\/wp-json\/wp\/v2\/users\/1"}],"replies":[{"embeddable":true,"href":"https:\/\/www.tribodyn-nordic.com\/da\/wp-json\/wp\/v2\/comments?post=1919"}],"version-history":[{"count":13,"href":"https:\/\/www.tribodyn-nordic.com\/da\/wp-json\/wp\/v2\/pages\/1919\/revisions"}],"predecessor-version":[{"id":2095,"href":"https:\/\/www.tribodyn-nordic.com\/da\/wp-json\/wp\/v2\/pages\/1919\/revisions\/2095"}],"wp:attachment":[{"href":"https:\/\/www.tribodyn-nordic.com\/da\/wp-json\/wp\/v2\/media?parent=1919"}],"curies":[{"name":"wp","href":"https:\/\/api.w.org\/{rel}","templated":true}]}}