{"id":1999,"date":"2021-12-09T17:13:07","date_gmt":"2021-12-09T15:13:07","guid":{"rendered":"https:\/\/www.tribodyn-nordic.com\/patenteret-teknologi\/"},"modified":"2024-01-14T11:24:24","modified_gmt":"2024-01-14T09:24:24","slug":"patenteret-teknologi","status":"publish","type":"page","link":"https:\/\/www.tribodyn-nordic.com\/da\/patenteret-teknologi\/","title":{"rendered":"Patenteret teknologi"},"content":{"rendered":"[vc_row type=&#8221;in_container&#8221; full_screen_row_position=&#8221;middle&#8221; column_margin=&#8221;default&#8221; column_direction=&#8221;default&#8221; column_direction_tablet=&#8221;default&#8221; column_direction_phone=&#8221;default&#8221; scene_position=&#8221;center&#8221; text_color=&#8221;dark&#8221; text_align=&#8221;left&#8221; row_border_radius=&#8221;none&#8221; row_border_radius_applies=&#8221;bg&#8221; overflow=&#8221;visible&#8221; overlay_strength=&#8221;0.3&#8243; gradient_direction=&#8221;left_to_right&#8221; shape_divider_position=&#8221;bottom&#8221; bg_image_animation=&#8221;none&#8221;][vc_column column_padding=&#8221;no-extra-padding&#8221; column_padding_tablet=&#8221;inherit&#8221; column_padding_phone=&#8221;inherit&#8221; column_padding_position=&#8221;all&#8221; column_element_spacing=&#8221;default&#8221; background_color_opacity=&#8221;1&#8243; background_hover_color_opacity=&#8221;1&#8243; column_shadow=&#8221;none&#8221; column_border_radius=&#8221;none&#8221; column_link_target=&#8221;_self&#8221; column_position=&#8221;default&#8221; gradient_direction=&#8221;left_to_right&#8221; overlay_strength=&#8221;0.3&#8243; width=&#8221;1\/1&#8243; tablet_width_inherit=&#8221;default&#8221; tablet_text_alignment=&#8221;default&#8221; phone_text_alignment=&#8221;default&#8221; animation_type=&#8221;default&#8221; bg_image_animation=&#8221;none&#8221; border_type=&#8221;simple&#8221; column_border_width=&#8221;none&#8221; column_border_style=&#8221;solid&#8221;][divider line_type=&#8221;No Line&#8221; custom_height=&#8221;50&#8243;][\/vc_column][\/vc_row][vc_row type=&#8221;in_container&#8221; full_screen_row_position=&#8221;middle&#8221; column_margin=&#8221;default&#8221; column_direction=&#8221;default&#8221; column_direction_tablet=&#8221;default&#8221; column_direction_phone=&#8221;default&#8221; scene_position=&#8221;center&#8221; text_color=&#8221;dark&#8221; text_align=&#8221;left&#8221; row_border_radius=&#8221;none&#8221; row_border_radius_applies=&#8221;bg&#8221; overflow=&#8221;visible&#8221; overlay_strength=&#8221;0.3&#8243; gradient_direction=&#8221;left_to_right&#8221; shape_divider_position=&#8221;bottom&#8221; bg_image_animation=&#8221;none&#8221;][vc_column column_padding=&#8221;no-extra-padding&#8221; column_padding_tablet=&#8221;inherit&#8221; column_padding_phone=&#8221;inherit&#8221; column_padding_position=&#8221;all&#8221; column_element_spacing=&#8221;default&#8221; background_color_opacity=&#8221;1&#8243; background_hover_color_opacity=&#8221;1&#8243; column_shadow=&#8221;none&#8221; column_border_radius=&#8221;none&#8221; column_link_target=&#8221;_self&#8221; column_position=&#8221;default&#8221; gradient_direction=&#8221;left_to_right&#8221; overlay_strength=&#8221;0.3&#8243; width=&#8221;1\/1&#8243; tablet_width_inherit=&#8221;default&#8221; tablet_text_alignment=&#8221;default&#8221; phone_text_alignment=&#8221;default&#8221; animation_type=&#8221;default&#8221; bg_image_animation=&#8221;none&#8221; border_type=&#8221;simple&#8221; column_border_width=&#8221;none&#8221; column_border_style=&#8221;solid&#8221;][nectar_highlighted_text color_type=&#8221;regular&#8221; style=&#8221;full_text&#8221; highlight_expansion=&#8221;default&#8221;]\n<h2>STOL IKKE P\u00c5 HVILKEN SOM HELST OLIE<\/h2>\n[\/nectar_highlighted_text][\/vc_column][\/vc_row][vc_row type=&#8221;in_container&#8221; full_screen_row_position=&#8221;middle&#8221; column_margin=&#8221;default&#8221; column_direction=&#8221;default&#8221; column_direction_tablet=&#8221;default&#8221; column_direction_phone=&#8221;default&#8221; scene_position=&#8221;center&#8221; text_color=&#8221;dark&#8221; text_align=&#8221;left&#8221; row_border_radius=&#8221;none&#8221; row_border_radius_applies=&#8221;bg&#8221; overflow=&#8221;visible&#8221; overlay_strength=&#8221;0.3&#8243; gradient_direction=&#8221;left_to_right&#8221; shape_divider_position=&#8221;bottom&#8221; bg_image_animation=&#8221;none&#8221;][vc_column column_padding=&#8221;no-extra-padding&#8221; column_padding_tablet=&#8221;inherit&#8221; column_padding_phone=&#8221;inherit&#8221; column_padding_position=&#8221;all&#8221; column_element_spacing=&#8221;default&#8221; background_color_opacity=&#8221;1&#8243; background_hover_color_opacity=&#8221;1&#8243; column_shadow=&#8221;none&#8221; column_border_radius=&#8221;none&#8221; column_link_target=&#8221;_self&#8221; column_position=&#8221;default&#8221; gradient_direction=&#8221;left_to_right&#8221; overlay_strength=&#8221;0.3&#8243; width=&#8221;1\/1&#8243; tablet_width_inherit=&#8221;default&#8221; tablet_text_alignment=&#8221;default&#8221; phone_text_alignment=&#8221;default&#8221; animation_type=&#8221;default&#8221; bg_image_animation=&#8221;none&#8221; border_type=&#8221;simple&#8221; column_border_width=&#8221;none&#8221; column_border_style=&#8221;solid&#8221;][nectar_text_inline_images image_size=&#8221;medium&#8221; image_effect=&#8221;none&#8221; image_loading=&#8221;default&#8221;]<img decoding=\"async\" class=\"wp-image-1071 size-medium alignleft\" src=\"https:\/\/www.tribodyn-nordic.com\/wp-content\/uploads\/2021\/12\/35800785_645130069170936_5470015020416892928_n-300x225.jpg\" alt=\"\" width=\"300\" height=\"225\" srcset=\"https:\/\/www.tribodyn-nordic.com\/wp-content\/uploads\/2021\/12\/35800785_645130069170936_5470015020416892928_n-300x225.jpg 300w, https:\/\/www.tribodyn-nordic.com\/wp-content\/uploads\/2021\/12\/35800785_645130069170936_5470015020416892928_n-1024x768.jpg 1024w, https:\/\/www.tribodyn-nordic.com\/wp-content\/uploads\/2021\/12\/35800785_645130069170936_5470015020416892928_n-768x576.jpg 768w, https:\/\/www.tribodyn-nordic.com\/wp-content\/uploads\/2021\/12\/35800785_645130069170936_5470015020416892928_n-1536x1152.jpg 1536w, https:\/\/www.tribodyn-nordic.com\/wp-content\/uploads\/2021\/12\/35800785_645130069170936_5470015020416892928_n.jpg 1728w\" sizes=\"(max-width: 300px) 100vw, 300px\" \/>TriboDyn\u00aes patenterede olier og fedtstoffer er udviklet gennem mange \u00e5rs forskning og testet i den virkelige verden og p\u00e5 dynamometre. Intet andet sm\u00f8remiddel p\u00e5 markedet kan matche TriboDyn\u00ae&#8217;s beskyttelse og ydeevne i de mest kr\u00e6vende milj\u00f8er og anvendelser.TriboDyn\u00ae-olier og -fedt er ideelle til alle benzin-, diesel-, konkurrence- og industrimotorer.[\/nectar_text_inline_images][divider line_type=&#8221;No Line&#8221; custom_height=&#8221;100&#8243;][divider line_type=&#8221;No Line&#8221; custom_height=&#8221;100&#8243;][divider line_type=&#8221;Full Width Line&#8221; line_thickness=&#8221;1&#8243; divider_color=&#8221;default&#8221;][divider line_type=&#8221;No Line&#8221; custom_height=&#8221;100&#8243;][nectar_text_inline_images image_size=&#8221;medium&#8221; image_effect=&#8221;none&#8221; image_loading=&#8221;default&#8221;]\n<h2><img decoding=\"async\" class=\"size-medium wp-image-1068 alignright\" src=\"https:\/\/www.tribodyn-nordic.com\/wp-content\/uploads\/2021\/12\/33864195_630227530661190_4269239488414220288_n-300x199.jpg\" alt=\"\" width=\"300\" height=\"199\" srcset=\"https:\/\/www.tribodyn-nordic.com\/wp-content\/uploads\/2021\/12\/33864195_630227530661190_4269239488414220288_n-300x199.jpg 300w, https:\/\/www.tribodyn-nordic.com\/wp-content\/uploads\/2021\/12\/33864195_630227530661190_4269239488414220288_n-1024x679.jpg 1024w, https:\/\/www.tribodyn-nordic.com\/wp-content\/uploads\/2021\/12\/33864195_630227530661190_4269239488414220288_n-768x509.jpg 768w, https:\/\/www.tribodyn-nordic.com\/wp-content\/uploads\/2021\/12\/33864195_630227530661190_4269239488414220288_n-1536x1019.jpg 1536w, https:\/\/www.tribodyn-nordic.com\/wp-content\/uploads\/2021\/12\/33864195_630227530661190_4269239488414220288_n-900x600.jpg 900w, https:\/\/www.tribodyn-nordic.com\/wp-content\/uploads\/2021\/12\/33864195_630227530661190_4269239488414220288_n.jpg 1974w\" sizes=\"(max-width: 300px) 100vw, 300px\" \/>PATENTEREDE FEDTSTOFFER OG BL\u00c5 MOTOROLIE<\/h2>\n<p>TriboDyn\u00aes patenterede teknologi er designet til at reducere friktion og slid, fungere under ekstremt tryk og varme, forhindre slid og mikrosvejsning, h\u00e5ndtere temperaturer langt over 1150C\/2100F og b\u00e6re belastninger op til 350K psi.<\/p>\n<p>TriboDyn\u00ae&#8217;s revolutionerende patent blev tildelt i 2015, hvilket g\u00f8r det til det f\u00f8rste olieselskab, der modtager et amerikansk patent i \u00e5rtier.[\/nectar_text_inline_images][divider line_type=&#8221;No Line&#8221; custom_height=&#8221;100&#8243;][divider line_type=&#8221;Full Width Line&#8221; line_thickness=&#8221;1&#8243; divider_color=&#8221;default&#8221;][\/vc_column][\/vc_row][vc_row type=&#8221;in_container&#8221; full_screen_row_position=&#8221;middle&#8221; column_margin=&#8221;default&#8221; column_direction=&#8221;default&#8221; column_direction_tablet=&#8221;default&#8221; column_direction_phone=&#8221;default&#8221; scene_position=&#8221;center&#8221; text_color=&#8221;dark&#8221; text_align=&#8221;left&#8221; row_border_radius=&#8221;none&#8221; row_border_radius_applies=&#8221;bg&#8221; overflow=&#8221;visible&#8221; overlay_strength=&#8221;0.3&#8243; gradient_direction=&#8221;left_to_right&#8221; shape_divider_position=&#8221;bottom&#8221; bg_image_animation=&#8221;none&#8221;][vc_column column_padding=&#8221;no-extra-padding&#8221; column_padding_tablet=&#8221;inherit&#8221; column_padding_phone=&#8221;inherit&#8221; column_padding_position=&#8221;all&#8221; column_element_spacing=&#8221;default&#8221; background_color_opacity=&#8221;1&#8243; background_hover_color_opacity=&#8221;1&#8243; column_shadow=&#8221;none&#8221; column_border_radius=&#8221;none&#8221; column_link_target=&#8221;_self&#8221; column_position=&#8221;default&#8221; gradient_direction=&#8221;left_to_right&#8221; overlay_strength=&#8221;0.3&#8243; width=&#8221;1\/2&#8243; tablet_width_inherit=&#8221;default&#8221; tablet_text_alignment=&#8221;default&#8221; phone_text_alignment=&#8221;default&#8221; animation_type=&#8221;default&#8221; bg_image_animation=&#8221;none&#8221; border_type=&#8221;simple&#8221; column_border_width=&#8221;none&#8221; column_border_style=&#8221;solid&#8221;]<div class=\"iwithtext\"><div class=\"iwt-icon\"> <i class=\"icon-default-style fa fa-check accent-color\"><\/i> <\/div><div class=\"iwt-text\"> MAKSIMERER BR\u00c6NDSTOFEFFEKTIVITETEN <\/div><div class=\"clear\"><\/div><\/div><div class=\"iwithtext\"><div class=\"iwt-icon\"> <i class=\"icon-default-style fa fa-check accent-color\"><\/i> <\/div><div class=\"iwt-text\"> \u00d8GER KOMPONENTERNES OG MOTORENS LEVETID <\/div><div class=\"clear\"><\/div><\/div><div class=\"iwithtext\"><div class=\"iwt-icon\"> <i class=\"icon-default-style fa fa-check accent-color\"><\/i> <\/div><div class=\"iwt-text\"> REDUCERE DRIFTSTEMPERATUREN <\/div><div class=\"clear\"><\/div><\/div><div class=\"iwithtext\"><div class=\"iwt-icon\"> <i class=\"icon-default-style fa fa-check accent-color\"><\/i> <\/div><div class=\"iwt-text\"> FUNGERER UNDER EKSTREM VARME OG TRYK <\/div><div class=\"clear\"><\/div><\/div>[\/vc_column][vc_column column_padding=&#8221;no-extra-padding&#8221; column_padding_tablet=&#8221;inherit&#8221; column_padding_phone=&#8221;inherit&#8221; column_padding_position=&#8221;all&#8221; column_element_spacing=&#8221;default&#8221; background_color_opacity=&#8221;1&#8243; background_hover_color_opacity=&#8221;1&#8243; column_shadow=&#8221;none&#8221; column_border_radius=&#8221;none&#8221; column_link_target=&#8221;_self&#8221; column_position=&#8221;default&#8221; gradient_direction=&#8221;left_to_right&#8221; overlay_strength=&#8221;0.3&#8243; width=&#8221;1\/2&#8243; tablet_width_inherit=&#8221;default&#8221; tablet_text_alignment=&#8221;default&#8221; phone_text_alignment=&#8221;default&#8221; animation_type=&#8221;default&#8221; bg_image_animation=&#8221;none&#8221; border_type=&#8221;simple&#8221; column_border_width=&#8221;none&#8221; column_border_style=&#8221;solid&#8221;]<div class=\"iwithtext\"><div class=\"iwt-icon\"> <i class=\"icon-default-style fa fa-check accent-color\"><\/i> <\/div><div class=\"iwt-text\"> BESKYTTELSE MOD KORROSION <\/div><div class=\"clear\"><\/div><\/div><div class=\"iwithtext\"><div class=\"iwt-icon\"> <i class=\"icon-default-style fa fa-check accent-color\"><\/i> <\/div><div class=\"iwt-text\"> MINIMERER FRIKTION OG SLID <\/div><div class=\"clear\"><\/div><\/div><div class=\"iwithtext\"><div class=\"iwt-icon\"> <i class=\"icon-default-style fa fa-check accent-color\"><\/i> <\/div><div class=\"iwt-text\"> MERE DREJNINGSMOMENT OG KRAFT <\/div><div class=\"clear\"><\/div><\/div><div class=\"iwithtext\"><div class=\"iwt-icon\"> <i class=\"icon-default-style fa fa-check accent-color\"><\/i> <\/div><div class=\"iwt-text\"> TAGER FAT P\u00c5 KRITISKE OMR\u00c5DER <\/div><div class=\"clear\"><\/div><\/div>[\/vc_column][\/vc_row][vc_row type=&#8221;in_container&#8221; full_screen_row_position=&#8221;middle&#8221; column_margin=&#8221;default&#8221; column_direction=&#8221;default&#8221; column_direction_tablet=&#8221;default&#8221; column_direction_phone=&#8221;default&#8221; scene_position=&#8221;center&#8221; text_color=&#8221;dark&#8221; text_align=&#8221;left&#8221; row_border_radius=&#8221;none&#8221; row_border_radius_applies=&#8221;bg&#8221; overflow=&#8221;visible&#8221; overlay_strength=&#8221;0.3&#8243; gradient_direction=&#8221;left_to_right&#8221; shape_divider_position=&#8221;bottom&#8221; bg_image_animation=&#8221;none&#8221;][vc_column column_padding=&#8221;no-extra-padding&#8221; column_padding_tablet=&#8221;inherit&#8221; column_padding_phone=&#8221;inherit&#8221; column_padding_position=&#8221;all&#8221; column_element_spacing=&#8221;default&#8221; background_color_opacity=&#8221;1&#8243; background_hover_color_opacity=&#8221;1&#8243; column_shadow=&#8221;none&#8221; column_border_radius=&#8221;none&#8221; column_link_target=&#8221;_self&#8221; column_position=&#8221;default&#8221; gradient_direction=&#8221;left_to_right&#8221; overlay_strength=&#8221;0.3&#8243; width=&#8221;1\/1&#8243; tablet_width_inherit=&#8221;default&#8221; tablet_text_alignment=&#8221;default&#8221; phone_text_alignment=&#8221;default&#8221; animation_type=&#8221;default&#8221; bg_image_animation=&#8221;none&#8221; border_type=&#8221;simple&#8221; column_border_width=&#8221;none&#8221; column_border_style=&#8221;solid&#8221;][divider line_type=&#8221;No Line&#8221; custom_height=&#8221;100&#8243;][vc_video link=&#8221;https:\/\/www.youtube.com\/watch?v=fR5LKFjGWzI&amp;t=1s&#8221;][\/vc_column][\/vc_row][vc_row type=&#8221;in_container&#8221; full_screen_row_position=&#8221;middle&#8221; column_margin=&#8221;default&#8221; column_direction=&#8221;default&#8221; column_direction_tablet=&#8221;default&#8221; column_direction_phone=&#8221;default&#8221; scene_position=&#8221;center&#8221; text_color=&#8221;dark&#8221; text_align=&#8221;left&#8221; row_border_radius=&#8221;none&#8221; row_border_radius_applies=&#8221;bg&#8221; overflow=&#8221;visible&#8221; overlay_strength=&#8221;0.3&#8243; gradient_direction=&#8221;left_to_right&#8221; shape_divider_position=&#8221;bottom&#8221; bg_image_animation=&#8221;none&#8221;][vc_column column_padding=&#8221;no-extra-padding&#8221; column_padding_tablet=&#8221;inherit&#8221; column_padding_phone=&#8221;inherit&#8221; column_padding_position=&#8221;all&#8221; column_element_spacing=&#8221;default&#8221; background_color_opacity=&#8221;1&#8243; background_hover_color_opacity=&#8221;1&#8243; column_shadow=&#8221;none&#8221; column_border_radius=&#8221;none&#8221; column_link_target=&#8221;_self&#8221; column_position=&#8221;default&#8221; gradient_direction=&#8221;left_to_right&#8221; overlay_strength=&#8221;0.3&#8243; width=&#8221;1\/1&#8243; tablet_width_inherit=&#8221;default&#8221; tablet_text_alignment=&#8221;default&#8221; phone_text_alignment=&#8221;default&#8221; animation_type=&#8221;default&#8221; bg_image_animation=&#8221;none&#8221; border_type=&#8221;simple&#8221; column_border_width=&#8221;none&#8221; column_border_style=&#8221;solid&#8221;][divider line_type=&#8221;No Line&#8221; custom_height=&#8221;100&#8243;][divider line_type=&#8221;Full Width Line&#8221; line_thickness=&#8221;1&#8243; divider_color=&#8221;default&#8221;][nectar_text_inline_images image_size=&#8221;medium&#8221; image_effect=&#8221;none&#8221; image_loading=&#8221;default&#8221;]<img decoding=\"async\" class=\"size-full wp-image-1214 alignright\" src=\"https:\/\/www.tribodyn-nordic.com\/wp-content\/uploads\/2021\/12\/epapng-1534835000247.png\" alt=\"\" width=\"219\" height=\"65\"><img decoding=\"async\" class=\"size-medium wp-image-1215 alignleft\" src=\"https:\/\/www.tribodyn-nordic.com\/wp-content\/uploads\/2021\/12\/products1png-1535078743621-300x190.png\" alt=\"\" width=\"300\" height=\"190\" srcset=\"https:\/\/www.tribodyn-nordic.com\/wp-content\/uploads\/2021\/12\/products1png-1535078743621-300x190.png 300w, https:\/\/www.tribodyn-nordic.com\/wp-content\/uploads\/2021\/12\/products1png-1535078743621.png 328w\" sizes=\"(max-width: 300px) 100vw, 300px\" \/>TriboDyn\u00ae sm\u00f8remidler og deres ingredienser opfylder alle krav fra det amerikanske og californiske milj\u00f8beskyttelsesagentur (EPA).[\/nectar_text_inline_images][divider line_type=&#8221;No Line&#8221; custom_height=&#8221;100&#8243;][\/vc_column][\/vc_row]\n","protected":false},"excerpt":{"rendered":"<p>[vc_row type=&#8221;in_container&#8221; full_screen_row_position=&#8221;middle&#8221; column_margin=&#8221;default&#8221; column_direction=&#8221;default&#8221; column_direction_tablet=&#8221;default&#8221; column_direction_phone=&#8221;default&#8221; scene_position=&#8221;center&#8221; text_color=&#8221;dark&#8221; text_align=&#8221;left&#8221; row_border_radius=&#8221;none&#8221; row_border_radius_applies=&#8221;bg&#8221; overflow=&#8221;visible&#8221; overlay_strength=&#8221;0.3&#8243; gradient_direction=&#8221;left_to_right&#8221; shape_divider_position=&#8221;bottom&#8221; bg_image_animation=&#8221;none&#8221;][vc_column column_padding=&#8221;no-extra-padding&#8221; column_padding_tablet=&#8221;inherit&#8221; column_padding_phone=&#8221;inherit&#8221; column_padding_position=&#8221;all&#8221; column_element_spacing=&#8221;default&#8221; background_color_opacity=&#8221;1&#8243; background_hover_color_opacity=&#8221;1&#8243; column_shadow=&#8221;none&#8221; column_border_radius=&#8221;none&#8221; column_link_target=&#8221;_self&#8221; column_position=&#8221;default&#8221; gradient_direction=&#8221;left_to_right&#8221; overlay_strength=&#8221;0.3&#8243;&#8230;<\/p>\n","protected":false},"author":1,"featured_media":0,"parent":0,"menu_order":0,"comment_status":"closed","ping_status":"closed","template":"","meta":{"footnotes":""},"class_list":["post-1999","page","type-page","status-publish"],"jetpack_sharing_enabled":true,"_links":{"self":[{"href":"https:\/\/www.tribodyn-nordic.com\/da\/wp-json\/wp\/v2\/pages\/1999","targetHints":{"allow":["GET"]}}],"collection":[{"href":"https:\/\/www.tribodyn-nordic.com\/da\/wp-json\/wp\/v2\/pages"}],"about":[{"href":"https:\/\/www.tribodyn-nordic.com\/da\/wp-json\/wp\/v2\/types\/page"}],"author":[{"embeddable":true,"href":"https:\/\/www.tribodyn-nordic.com\/da\/wp-json\/wp\/v2\/users\/1"}],"replies":[{"embeddable":true,"href":"https:\/\/www.tribodyn-nordic.com\/da\/wp-json\/wp\/v2\/comments?post=1999"}],"version-history":[{"count":4,"href":"https:\/\/www.tribodyn-nordic.com\/da\/wp-json\/wp\/v2\/pages\/1999\/revisions"}],"predecessor-version":[{"id":2059,"href":"https:\/\/www.tribodyn-nordic.com\/da\/wp-json\/wp\/v2\/pages\/1999\/revisions\/2059"}],"wp:attachment":[{"href":"https:\/\/www.tribodyn-nordic.com\/da\/wp-json\/wp\/v2\/media?parent=1999"}],"curies":[{"name":"wp","href":"https:\/\/api.w.org\/{rel}","templated":true}]}}