{"id":1987,"date":"2021-12-18T15:07:22","date_gmt":"2021-12-18T13:07:22","guid":{"rendered":"https:\/\/www.tribodyn-nordic.com\/katsetulemused\/"},"modified":"2024-01-14T11:24:36","modified_gmt":"2024-01-14T09:24:36","slug":"katsetulemused","status":"publish","type":"page","link":"https:\/\/www.tribodyn-nordic.com\/et\/katsetulemused\/","title":{"rendered":"Katsetulemused"},"content":{"rendered":"[vc_row type=&#8221;in_container&#8221; full_screen_row_position=&#8221;middle&#8221; column_margin=&#8221;default&#8221; column_direction=&#8221;default&#8221; column_direction_tablet=&#8221;default&#8221; column_direction_phone=&#8221;default&#8221; scene_position=&#8221;center&#8221; text_color=&#8221;dark&#8221; text_align=&#8221;left&#8221; row_border_radius=&#8221;none&#8221; row_border_radius_applies=&#8221;bg&#8221; overflow=&#8221;visible&#8221; overlay_strength=&#8221;0.3&#8243; gradient_direction=&#8221;left_to_right&#8221; shape_divider_position=&#8221;bottom&#8221; bg_image_animation=&#8221;none&#8221;][vc_column column_padding=&#8221;no-extra-padding&#8221; column_padding_tablet=&#8221;inherit&#8221; column_padding_phone=&#8221;inherit&#8221; column_padding_position=&#8221;all&#8221; column_element_spacing=&#8221;default&#8221; background_color_opacity=&#8221;1&#8243; background_hover_color_opacity=&#8221;1&#8243; column_shadow=&#8221;none&#8221; column_border_radius=&#8221;none&#8221; column_link_target=&#8221;_self&#8221; column_position=&#8221;default&#8221; gradient_direction=&#8221;left_to_right&#8221; overlay_strength=&#8221;0.3&#8243; width=&#8221;1\/1&#8243; tablet_width_inherit=&#8221;default&#8221; tablet_text_alignment=&#8221;default&#8221; phone_text_alignment=&#8221;default&#8221; animation_type=&#8221;default&#8221; bg_image_animation=&#8221;none&#8221; border_type=&#8221;simple&#8221; column_border_width=&#8221;none&#8221; column_border_style=&#8221;solid&#8221;][divider line_type=&#8221;No Line&#8221; custom_height=&#8221;50&#8243;][\/vc_column][\/vc_row][vc_row type=&#8221;in_container&#8221; full_screen_row_position=&#8221;middle&#8221; column_margin=&#8221;default&#8221; column_direction=&#8221;default&#8221; column_direction_tablet=&#8221;default&#8221; column_direction_phone=&#8221;default&#8221; scene_position=&#8221;center&#8221; text_color=&#8221;dark&#8221; text_align=&#8221;left&#8221; row_border_radius=&#8221;none&#8221; row_border_radius_applies=&#8221;bg&#8221; overflow=&#8221;visible&#8221; overlay_strength=&#8221;0.3&#8243; gradient_direction=&#8221;left_to_right&#8221; shape_divider_position=&#8221;bottom&#8221; bg_image_animation=&#8221;none&#8221;][vc_column column_padding=&#8221;no-extra-padding&#8221; column_padding_tablet=&#8221;inherit&#8221; column_padding_phone=&#8221;inherit&#8221; column_padding_position=&#8221;all&#8221; column_element_spacing=&#8221;default&#8221; background_color_opacity=&#8221;1&#8243; background_hover_color_opacity=&#8221;1&#8243; column_shadow=&#8221;none&#8221; column_border_radius=&#8221;none&#8221; column_link_target=&#8221;_self&#8221; column_position=&#8221;default&#8221; gradient_direction=&#8221;left_to_right&#8221; overlay_strength=&#8221;0.3&#8243; width=&#8221;1\/1&#8243; tablet_width_inherit=&#8221;default&#8221; tablet_text_alignment=&#8221;default&#8221; phone_text_alignment=&#8221;default&#8221; animation_type=&#8221;default&#8221; bg_image_animation=&#8221;none&#8221; border_type=&#8221;simple&#8221; column_border_width=&#8221;none&#8221; column_border_style=&#8221;solid&#8221;][vc_column_text]\n<h2>V\u00e4hem h\u00f5\u00f5rdumist ja rohkem hobuj\u00f5udu<\/h2>\n[\/vc_column_text][\/vc_column][\/vc_row][vc_row type=&#8221;in_container&#8221; full_screen_row_position=&#8221;middle&#8221; column_margin=&#8221;default&#8221; column_direction=&#8221;default&#8221; column_direction_tablet=&#8221;default&#8221; column_direction_phone=&#8221;default&#8221; scene_position=&#8221;center&#8221; text_color=&#8221;dark&#8221; text_align=&#8221;left&#8221; row_border_radius=&#8221;none&#8221; row_border_radius_applies=&#8221;bg&#8221; overflow=&#8221;visible&#8221; overlay_strength=&#8221;0.3&#8243; gradient_direction=&#8221;left_to_right&#8221; shape_divider_position=&#8221;bottom&#8221; bg_image_animation=&#8221;none&#8221;][vc_column column_padding=&#8221;no-extra-padding&#8221; column_padding_tablet=&#8221;inherit&#8221; column_padding_phone=&#8221;inherit&#8221; column_padding_position=&#8221;all&#8221; column_element_spacing=&#8221;default&#8221; background_color_opacity=&#8221;1&#8243; background_hover_color_opacity=&#8221;1&#8243; column_shadow=&#8221;none&#8221; column_border_radius=&#8221;none&#8221; column_link_target=&#8221;_self&#8221; column_position=&#8221;default&#8221; gradient_direction=&#8221;left_to_right&#8221; overlay_strength=&#8221;0.3&#8243; width=&#8221;1\/1&#8243; tablet_width_inherit=&#8221;default&#8221; tablet_text_alignment=&#8221;default&#8221; phone_text_alignment=&#8221;default&#8221; animation_type=&#8221;default&#8221; bg_image_animation=&#8221;none&#8221; border_type=&#8221;simple&#8221; column_border_width=&#8221;none&#8221; column_border_style=&#8221;solid&#8221;][vc_column_text]\n<p id=\"tw-target-text\" class=\"tw-data-text tw-text-large tw-ta\" dir=\"ltr\" data-placeholder=\"K\u00e4\u00e4nn\u00f6s\"><span class=\"Y2IQFc\" lang=\"fi\">Tribodyn\u00ae on aastaid kasutanud paljud v\u00f5idus\u00f5itjad ja amat\u00f6\u00f6rid. Soomes on Tribodyni \u00f5lisid edukalt kasutatud j\u00e4rgmistes sarjades: ajar\u00fcnnaku SM-sari, ajalooline v\u00f5idus\u00f5it, IRRC, drifting, kiirendus ja mitmed ralliklassid.  <\/span><span class=\"Y2IQFc\" lang=\"fi\">Tribody tooteid on maailmas edukalt kasutatud riiklikes Nascar, drifting, pulling ja formula sarjades.<\/span><\/p>\n[\/vc_column_text][divider line_type=&#8221;Full Width Line&#8221; line_thickness=&#8221;1&#8243; divider_color=&#8221;default&#8221; custom_height=&#8221;100&#8243;][\/vc_column][\/vc_row][vc_row type=&#8221;in_container&#8221; full_screen_row_position=&#8221;middle&#8221; column_margin=&#8221;default&#8221; column_direction=&#8221;default&#8221; column_direction_tablet=&#8221;default&#8221; column_direction_phone=&#8221;default&#8221; scene_position=&#8221;center&#8221; text_color=&#8221;dark&#8221; text_align=&#8221;left&#8221; row_border_radius=&#8221;none&#8221; row_border_radius_applies=&#8221;bg&#8221; overflow=&#8221;visible&#8221; overlay_strength=&#8221;0.3&#8243; gradient_direction=&#8221;left_to_right&#8221; shape_divider_position=&#8221;bottom&#8221; bg_image_animation=&#8221;none&#8221;][vc_column column_padding=&#8221;no-extra-padding&#8221; column_padding_tablet=&#8221;inherit&#8221; column_padding_phone=&#8221;inherit&#8221; column_padding_position=&#8221;all&#8221; column_element_spacing=&#8221;default&#8221; background_color_opacity=&#8221;1&#8243; background_hover_color_opacity=&#8221;1&#8243; column_shadow=&#8221;none&#8221; column_border_radius=&#8221;none&#8221; column_link_target=&#8221;_self&#8221; column_position=&#8221;default&#8221; gradient_direction=&#8221;left_to_right&#8221; overlay_strength=&#8221;0.3&#8243; width=&#8221;1\/1&#8243; tablet_width_inherit=&#8221;default&#8221; tablet_text_alignment=&#8221;default&#8221; phone_text_alignment=&#8221;default&#8221; animation_type=&#8221;default&#8221; bg_image_animation=&#8221;none&#8221; border_type=&#8221;simple&#8221; column_border_width=&#8221;none&#8221; column_border_style=&#8221;solid&#8221;][image_with_animation image_url=&#8221;1092&#8243; image_size=&#8221;portfolio-thumb&#8221; animation_type=&#8221;entrance&#8221; animation=&#8221;Fade In&#8221; hover_animation=&#8221;none&#8221; alignment=&#8221;&#8221; border_radius=&#8221;none&#8221; box_shadow=&#8221;none&#8221; image_loading=&#8221;default&#8221; max_width=&#8221;100%&#8221; max_width_mobile=&#8221;default&#8221;][\/vc_column][\/vc_row][vc_row type=&#8221;in_container&#8221; full_screen_row_position=&#8221;middle&#8221; column_margin=&#8221;default&#8221; column_direction=&#8221;default&#8221; column_direction_tablet=&#8221;default&#8221; column_direction_phone=&#8221;default&#8221; scene_position=&#8221;center&#8221; text_color=&#8221;dark&#8221; text_align=&#8221;left&#8221; row_border_radius=&#8221;none&#8221; row_border_radius_applies=&#8221;bg&#8221; overflow=&#8221;visible&#8221; overlay_strength=&#8221;0.3&#8243; gradient_direction=&#8221;left_to_right&#8221; shape_divider_position=&#8221;bottom&#8221; bg_image_animation=&#8221;none&#8221;][vc_column column_padding=&#8221;no-extra-padding&#8221; column_padding_tablet=&#8221;inherit&#8221; column_padding_phone=&#8221;inherit&#8221; column_padding_position=&#8221;all&#8221; column_element_spacing=&#8221;default&#8221; background_color_opacity=&#8221;1&#8243; background_hover_color_opacity=&#8221;1&#8243; column_shadow=&#8221;none&#8221; column_border_radius=&#8221;none&#8221; column_link_target=&#8221;_self&#8221; column_position=&#8221;default&#8221; gradient_direction=&#8221;left_to_right&#8221; overlay_strength=&#8221;0.3&#8243; width=&#8221;1\/1&#8243; tablet_width_inherit=&#8221;default&#8221; tablet_text_alignment=&#8221;default&#8221; phone_text_alignment=&#8221;default&#8221; animation_type=&#8221;default&#8221; bg_image_animation=&#8221;none&#8221; border_type=&#8221;simple&#8221; column_border_width=&#8221;none&#8221; column_border_style=&#8221;solid&#8221;][vc_column_text]\n<h2 id=\"tw-target-text\" class=\"tw-data-text tw-text-large tw-ta\" dir=\"ltr\" data-placeholder=\"K\u00e4\u00e4nn\u00f6s\"><span class=\"Y2IQFc\" lang=\"fi\">S\u00f5ltumatud katsetulemused<\/span><\/h2>\n<p class=\"tw-data-text tw-text-large tw-ta\" dir=\"ltr\" data-placeholder=\"K\u00e4\u00e4nn\u00f6s\"><span class=\"Y2IQFc\" lang=\"fi\">Katsetulemused kinnitavad TriboDyn\u00ae omadusi. Vt dokumenteeritud katsetulemusi.<\/span><\/p>\n[\/vc_column_text][\/vc_column][\/vc_row][vc_row type=&#8221;in_container&#8221; full_screen_row_position=&#8221;middle&#8221; column_margin=&#8221;default&#8221; column_direction=&#8221;default&#8221; column_direction_tablet=&#8221;default&#8221; column_direction_phone=&#8221;default&#8221; scene_position=&#8221;center&#8221; text_color=&#8221;dark&#8221; text_align=&#8221;left&#8221; row_border_radius=&#8221;none&#8221; row_border_radius_applies=&#8221;bg&#8221; overflow=&#8221;visible&#8221; overlay_strength=&#8221;0.3&#8243; gradient_direction=&#8221;left_to_right&#8221; shape_divider_position=&#8221;bottom&#8221; bg_image_animation=&#8221;none&#8221;][vc_column column_padding=&#8221;no-extra-padding&#8221; column_padding_tablet=&#8221;inherit&#8221; column_padding_phone=&#8221;inherit&#8221; column_padding_position=&#8221;all&#8221; column_element_spacing=&#8221;default&#8221; background_color_opacity=&#8221;1&#8243; background_hover_color_opacity=&#8221;1&#8243; column_shadow=&#8221;none&#8221; column_border_radius=&#8221;none&#8221; column_link_target=&#8221;_self&#8221; column_position=&#8221;default&#8221; gradient_direction=&#8221;left_to_right&#8221; overlay_strength=&#8221;0.3&#8243; width=&#8221;1\/1&#8243; tablet_width_inherit=&#8221;default&#8221; tablet_text_alignment=&#8221;default&#8221; phone_text_alignment=&#8221;default&#8221; animation_type=&#8221;default&#8221; bg_image_animation=&#8221;none&#8221; border_type=&#8221;simple&#8221; column_border_width=&#8221;none&#8221; column_border_style=&#8221;solid&#8221;]<div class=\"lvca-accordion lvca-style1\" data-toggle=\"false\" data-expanded=\"false\"><div class=\"lvca-panel\" id=\"\"><div class=\"lvca-panel-title\">Timken testi<\/div><div class=\"lvca-panel-content\">\n<p id=\"tw-target-text\" class=\"tw-data-text tw-text-large tw-ta\" dir=\"ltr\" data-placeholder=\"K\u00e4\u00e4nn\u00f6s\"><span class=\"Y2IQFc\" lang=\"fi\">TriboDyn\u00ae t\u00e4iendab seda survekatset, et teha kindlaks, kuidas elektrit juhtivad \u00f5lid v\u00e4hendavad v\u00f5i k\u00f5rvaldavad sisep\u00f5lemismootori h\u00f5\u00f5rdekahjustusi.<\/span><\/p>\n<p class=\"tw-data-text tw-text-large tw-ta\" dir=\"ltr\" data-placeholder=\"K\u00e4\u00e4nn\u00f6s\"><span class=\"Y2IQFc\" lang=\"fi\"><a href=\"https:\/\/www.tribodyn-nordic.com\/wp-content\/uploads\/2021\/12\/Extreme-PressureLubricantEvaluationTimkenTest.pdf\">Loe Timke testi tulemusi<\/a><br \/>\n<img decoding=\"async\" class=\"size-medium wp-image-1242 alignright\" src=\"https:\/\/www.tribodyn-nordic.com\/wp-content\/uploads\/2021\/12\/untitled2jpg-1535468126990-300x214.jpg\" alt=\"\" width=\"300\" height=\"214\" srcset=\"https:\/\/www.tribodyn-nordic.com\/wp-content\/uploads\/2021\/12\/untitled2jpg-1535468126990-300x214.jpg 300w, https:\/\/www.tribodyn-nordic.com\/wp-content\/uploads\/2021\/12\/untitled2jpg-1535468126990.jpg 500w\" sizes=\"(max-width: 300px) 100vw, 300px\" \/> <\/span><\/p>\n<\/div><\/div><!-- .lvca-panel --><div class=\"lvca-panel\" id=\"\"><div class=\"lvca-panel-title\">Metropolia Ammattikorkeakoulun insin\u00f6\u00f6rity\u00f6<\/div><div class=\"lvca-panel-content\">\n<p id=\"tw-target-text\" class=\"tw-data-text tw-text-large tw-ta\" dir=\"ltr\" data-placeholder=\"K\u00e4\u00e4nn\u00f6s\"><span class=\"Y2IQFc\" lang=\"fi\">Metropolia Tehnikak\u00f5rgkooli inseneriprojektis uuriti \u00f5lide survekindlust ja TriboDyn\u00ae v\u00f5itis need k\u00f5ik.<\/span><\/p>\n<p id=\"tw-target-text\" class=\"tw-data-text tw-text-large tw-ta\" dir=\"ltr\" data-placeholder=\"K\u00e4\u00e4nn\u00f6s\"><span class=\"Y2IQFc\" lang=\"fi\"><br \/>\n<img decoding=\"async\" class=\"size-medium wp-image-1246 alignright\" src=\"https:\/\/www.tribodyn-nordic.com\/wp-content\/uploads\/2021\/12\/motorrjpg-1534787511933-300x147.jpg\" alt=\"\" width=\"300\" height=\"147\" srcset=\"https:\/\/www.tribodyn-nordic.com\/wp-content\/uploads\/2021\/12\/motorrjpg-1534787511933-300x147.jpg 300w, https:\/\/www.tribodyn-nordic.com\/wp-content\/uploads\/2021\/12\/motorrjpg-1534787511933.jpg 541w\" sizes=\"(max-width: 300px) 100vw, 300px\" \/><br \/>\n<a href=\"https:\/\/www.tribodyn-nordic.com\/wp-content\/uploads\/2021\/12\/moottorioljyvertailu.pdf\">Loe siit mootorrataste v\u00f5rdlust<\/a><\/span><\/p>\n<\/div><\/div><!-- .lvca-panel --><div class=\"lvca-panel\" id=\"\"><div class=\"lvca-panel-title\">Duramax Diesel Competitive Pull<\/div><div class=\"lvca-panel-content\">\n<p id=\"tw-target-text\" class=\"tw-data-text tw-text-large tw-ta\" dir=\"ltr\" data-placeholder=\"K\u00e4\u00e4nn\u00f6s\"><span class=\"Y2IQFc\" lang=\"fi\">Duramax diislik\u00fctuse konkurentsiv\u00f5imeline t\u00f5mme  <\/span><\/p>\n<p class=\"tw-data-text tw-text-large tw-ta\" dir=\"ltr\" data-placeholder=\"K\u00e4\u00e4nn\u00f6s\"><span class=\"Y2IQFc\" lang=\"fi\">Allpool n\u00e4idatud suure j\u00f5udlusega Duramax Diesel kasutab TriboDy 15W-40 Synthetic Blend Heavy Duty mootori\u00f5li. V\u00f5istluse alguses l\u00e4ks \u00f5lipump rikki ja mootori \u00f5lir\u00f5hk langes nullini. Juht j\u00e4tkas panustamist, sest ta teadis TriboDyn-\u00f5li omadusi. Sellise t\u00f5mbamise j\u00e4tkamine nulliga \u00f5lir\u00f5hu juures t\u00e4hendaks tavaliselt mootoririket ja mootori t\u00e4ielikku \u00fcmberehitamist. V\u00f5istlusj\u00e4rgse mootorihoolduse ajal saime aga juhilt need fotod. Mootori sees oli k\u00f5ik heas seisukorras ja laagrid j\u00e4id 100% puutumatuks ja kasutusk\u00f5lblikuks.<\/span><\/p>\n<p id=\"tw-target-text\" class=\"tw-data-text tw-text-large tw-ta\" dir=\"ltr\" data-placeholder=\"K\u00e4\u00e4nn\u00f6s\"><span class=\"Y2IQFc\" lang=\"fi\"><br \/>\n<img decoding=\"async\" class=\"alignright wp-image-1249 size-full\" src=\"https:\/\/www.tribodyn-nordic.com\/wp-content\/uploads\/2021\/12\/truckjpg-1535468983724.jpg\" alt=\"\" width=\"411\" height=\"269\" srcset=\"https:\/\/www.tribodyn-nordic.com\/wp-content\/uploads\/2021\/12\/truckjpg-1535468983724.jpg 411w, https:\/\/www.tribodyn-nordic.com\/wp-content\/uploads\/2021\/12\/truckjpg-1535468983724-300x196.jpg 300w\" sizes=\"(max-width: 411px) 100vw, 411px\" \/><img decoding=\"async\" class=\"alignnone wp-image-1248 size-full\" src=\"https:\/\/www.tribodyn-nordic.com\/wp-content\/uploads\/2021\/12\/3jpg-1535489718394-2.jpg\" alt=\"\" width=\"496\" height=\"210\" srcset=\"https:\/\/www.tribodyn-nordic.com\/wp-content\/uploads\/2021\/12\/3jpg-1535489718394-2.jpg 496w, https:\/\/www.tribodyn-nordic.com\/wp-content\/uploads\/2021\/12\/3jpg-1535489718394-2-300x127.jpg 300w\" sizes=\"(max-width: 496px) 100vw, 496px\" \/><br \/>\n<\/span><\/p>\n<\/div><\/div><!-- .lvca-panel --><div class=\"lvca-panel\" id=\"\"><div class=\"lvca-panel-title\">Mobil 1 Motorcycle Oil vs. TriboDyn\u00ae Motorcycle<\/div><div class=\"lvca-panel-content\">\n<p id=\"tw-target-text\" class=\"tw-data-text tw-text-large tw-ta\" dir=\"ltr\" data-placeholder=\"K\u00e4\u00e4nn\u00f6s\"><span class=\"Y2IQFc\" lang=\"fi\">\u00d5li Oddball Industries v\u00f5rdlus mootorratta\u00f5li Mobil 1 10W-40 ja TriboDyn\u00ae 10W-40 mootorratta\u00f5li vahel.<\/span><\/p>\n<p><a href=\"https:\/\/www.tribodyn-nordic.com\/wp-content\/uploads\/2021\/12\/TriboDyn_10W-40_Motorcycle_Oil_OddBall_Industry_Dyno_Test_Results.pdf\">TriboDyn_10W-40_Mootorratta\u00f5li_OddBall_Industry_Dyno_Testi_Tulemused<\/a><\/div><\/div><!-- .lvca-panel --><div class=\"lvca-panel\" id=\"\"><div class=\"lvca-panel-title\">TriboDyn\u00ae Engine Oil vs. Mobile 1, Valvoline, Brad Penn &amp; others<\/div><div class=\"lvca-panel-content\">\n<p id=\"tw-target-text\" class=\"tw-data-text tw-text-large tw-ta\" dir=\"ltr\" data-placeholder=\"K\u00e4\u00e4nn\u00f6s\"><span class=\"Y2IQFc\" lang=\"fi\">Moe Race Engines&#8217;i poolt Austraalias l\u00e4bi viidud katsed n\u00e4itavad, kuidas TriboDyn\u00ae abil saavutatud paremate tulemuste saavutamiseks p\u00f6\u00f6rdemomendi ja hobuj\u00f5u osas kulub katsemootorite h\u00f5\u00f5rdumise v\u00e4hendamisel v\u00e4hem k\u00fctust.<\/span><\/p>\n<p dir=\"ltr\" data-placeholder=\"K\u00e4\u00e4nn\u00f6s\"><a href=\"https:\/\/www.tribodyn-nordic.com\/wp-content\/uploads\/2021\/12\/Moe_Engines_Australian_Dyno_Test_July_2017.pdf\">Moe_Engines_Australian_Dyno_Test_Juuli_2017<\/a><\/p>\n<\/div><\/div><!-- .lvca-panel --><div class=\"lvca-panel\" id=\"\"><div class=\"lvca-panel-title\">Club DSport Magazine testasi Tribodyn\u00ae:n<\/div><div class=\"lvca-panel-content\">\n<p id=\"tw-target-text\" class=\"tw-data-text tw-text-large tw-ta\" dir=\"ltr\" data-placeholder=\"K\u00e4\u00e4nn\u00f6s\"><span class=\"Y2IQFc\" lang=\"fi\">Club DSport Magazine testis Tribody\u00ae 2005. aasta Cadillac Escalade&#8217;i projektis\u00f5idukil. D\u00fcno-tulemused n\u00e4itasid, et TriboDyn\u00ae edestas juhtivaid tavalisi \u00f5lisid, v\u00e4hendades h\u00f5\u00f5rdumise kulumist ja suurendades seega hobuj\u00f5udu kuni 3% v\u00f5rra, kui p\u00f6\u00f6rlemissagedus suureneb. Club DSports Magazine soovitab TriboDyn\u00ae \u00f5li p\u00e4rast neid muljetavaldavaid d\u00fcno tulemusi.<\/span><\/p>\n<p>https:\/\/www.youtube.com\/watch?v=15hp650Z41I<\/div><\/div><!-- .lvca-panel --><\/div><!-- .lvca-accordion -->[\/vc_column][\/vc_row]\n","protected":false},"excerpt":{"rendered":"<p>[vc_row type=&#8221;in_container&#8221; full_screen_row_position=&#8221;middle&#8221; column_margin=&#8221;default&#8221; column_direction=&#8221;default&#8221; column_direction_tablet=&#8221;default&#8221; column_direction_phone=&#8221;default&#8221; scene_position=&#8221;center&#8221; text_color=&#8221;dark&#8221; text_align=&#8221;left&#8221; row_border_radius=&#8221;none&#8221; row_border_radius_applies=&#8221;bg&#8221; overflow=&#8221;visible&#8221; overlay_strength=&#8221;0.3&#8243; gradient_direction=&#8221;left_to_right&#8221; shape_divider_position=&#8221;bottom&#8221; bg_image_animation=&#8221;none&#8221;][vc_column column_padding=&#8221;no-extra-padding&#8221; column_padding_tablet=&#8221;inherit&#8221; column_padding_phone=&#8221;inherit&#8221; column_padding_position=&#8221;all&#8221; column_element_spacing=&#8221;default&#8221; background_color_opacity=&#8221;1&#8243; background_hover_color_opacity=&#8221;1&#8243; column_shadow=&#8221;none&#8221; column_border_radius=&#8221;none&#8221; column_link_target=&#8221;_self&#8221; column_position=&#8221;default&#8221; gradient_direction=&#8221;left_to_right&#8221; overlay_strength=&#8221;0.3&#8243;&#8230;<\/p>\n","protected":false},"author":1,"featured_media":0,"parent":0,"menu_order":0,"comment_status":"closed","ping_status":"closed","template":"","meta":{"footnotes":""},"class_list":["post-1987","page","type-page","status-publish"],"jetpack_sharing_enabled":true,"_links":{"self":[{"href":"https:\/\/www.tribodyn-nordic.com\/et\/wp-json\/wp\/v2\/pages\/1987","targetHints":{"allow":["GET"]}}],"collection":[{"href":"https:\/\/www.tribodyn-nordic.com\/et\/wp-json\/wp\/v2\/pages"}],"about":[{"href":"https:\/\/www.tribodyn-nordic.com\/et\/wp-json\/wp\/v2\/types\/page"}],"author":[{"embeddable":true,"href":"https:\/\/www.tribodyn-nordic.com\/et\/wp-json\/wp\/v2\/users\/1"}],"replies":[{"embeddable":true,"href":"https:\/\/www.tribodyn-nordic.com\/et\/wp-json\/wp\/v2\/comments?post=1987"}],"version-history":[{"count":4,"href":"https:\/\/www.tribodyn-nordic.com\/et\/wp-json\/wp\/v2\/pages\/1987\/revisions"}],"predecessor-version":[{"id":2116,"href":"https:\/\/www.tribodyn-nordic.com\/et\/wp-json\/wp\/v2\/pages\/1987\/revisions\/2116"}],"wp:attachment":[{"href":"https:\/\/www.tribodyn-nordic.com\/et\/wp-json\/wp\/v2\/media?parent=1987"}],"curies":[{"name":"wp","href":"https:\/\/api.w.org\/{rel}","templated":true}]}}