{"id":1957,"date":"2021-12-11T14:08:30","date_gmt":"2021-12-11T12:08:30","guid":{"rendered":"https:\/\/www.tribodyn-nordic.com\/faq\/"},"modified":"2024-01-14T11:24:28","modified_gmt":"2024-01-14T09:24:28","slug":"faq","status":"publish","type":"page","link":"https:\/\/www.tribodyn-nordic.com\/no\/faq\/","title":{"rendered":"FAQ"},"content":{"rendered":"[vc_row type=&raquo;in_container&raquo; full_screen_row_position=&raquo;middle&raquo; column_margin=&raquo;default&raquo; column_direction=&raquo;default&raquo; column_direction_tablet=&raquo;default&raquo; column_direction_phone=&raquo;default&raquo; scene_position=&raquo;center&raquo; text_color=&raquo;dark&raquo; text_align=&raquo;left&raquo; row_border_radius=&raquo;none&raquo; row_border_radius_applies=&raquo;bg&raquo; overflow=&raquo;visible&raquo; overlay_strength=&raquo;0.3&#8243; gradient_direction=&raquo;left_to_right&raquo; shape_divider_position=&raquo;bottom&raquo; bg_image_animation=&raquo;none&raquo;][vc_column column_padding=&raquo;no-extra-padding&raquo; column_padding_tablet=&raquo;inherit&raquo; column_padding_phone=&raquo;inherit&raquo; column_padding_position=&raquo;all&raquo; column_element_spacing=&raquo;default&raquo; background_color_opacity=&raquo;1&#8243; background_hover_color_opacity=&raquo;1&#8243; column_shadow=&raquo;none&raquo; column_border_radius=&raquo;none&raquo; column_link_target=&raquo;_self&raquo; column_position=&raquo;default&raquo; gradient_direction=&raquo;left_to_right&raquo; overlay_strength=&raquo;0.3&#8243; width=&raquo;1\/1&#8243; tablet_width_inherit=&raquo;default&raquo; tablet_text_alignment=&raquo;default&raquo; phone_text_alignment=&raquo;default&raquo; animation_type=&raquo;default&raquo; bg_image_animation=&raquo;none&raquo; border_type=&raquo;simple&raquo; column_border_width=&raquo;none&raquo; column_border_style=&raquo;solid&raquo;]<div class=\"lvca-accordion lvca-style1\" data-toggle=\"false\" data-expanded=\"false\"><div class=\"lvca-panel\" id=\"\"><div class=\"lvca-panel-title\">TriboDyn\u00ae:in suosittellut k\u00e4ytt\u00f6tarkoitukset?<\/div><div class=\"lvca-panel-content\">Alle motorer, girkasser, differensialer av typen \u00e5pen, brett eller spole. TriboDyn\u00ae produserer ogs\u00e5 spesialoljer som anbefales for: Automatiske girkasser, differensialer av positraksjonstype eller en hvilken som helst koplingsenhet av clutchtype<\/div><\/div><!-- .lvca-panel --><\/div><!-- .lvca-accordion --><div class=\"lvca-accordion lvca-style1\" data-toggle=\"false\" data-expanded=\"false\"><div class=\"lvca-panel\" id=\"\"><div class=\"lvca-panel-title\">Kuinka usein minun pit\u00e4isi vaihtaa \u00f6ljyt?<\/div><div class=\"lvca-panel-content\">Vi anbefaler \u00e5 skifte olje og filter i henhold til produsentens anbefalinger. Mange av v\u00e5re kunder merker imidlertid ved oljeskift at oljen ikke er s\u00e5 skitten som vanlig p\u00e5 grunn av TriboDyn\u00aes evne til \u00e5 redusere friksjon og slitasje. Det er ofte mulig \u00e5 forlenge oljeskiftintervallet.<\/div><\/div><!-- .lvca-panel --><\/div><!-- .lvca-accordion --><div class=\"lvca-accordion lvca-style1\" data-toggle=\"false\" data-expanded=\"false\"><div class=\"lvca-panel\" id=\"\"><div class=\"lvca-panel-title\">Vaikuttaako TriboDyn\u00ae-moottori\u00f6ljy autoni kiihtyvyyteen?<\/div><div class=\"lvca-panel-content\">Mange motorer n\u00f8ler n\u00e5r gasspedalen trykkes raskt p\u00e5 grunn av f.eks. fra friksjon i motoren. TriboDyn\u00ae reduserer motorfriksjonen og metall-til-metall-slitasje dramatisk i alvorlige motorbelastningssituasjoner. Forskjellen ligger i motorst\u00f8y, det er ogs\u00e5 mulig \u00e5 merke bilens akselerasjon.<\/div><\/div><!-- .lvca-panel --><div class=\"lvca-panel\" id=\"\"><div class=\"lvca-panel-title\">Voinko k\u00e4ytt\u00e4\u00e4 TriboDyn\u00ae-tuotteita venemoottorini kanssa?<\/div><div class=\"lvca-panel-content\">TriboDyn\u00ae fungerer godt i marinemotorer. Den skal brukes p\u00e5 samme m\u00e5te som i bil- og dieselmotorer. TriboDyns unike formel gir ogs\u00e5 kontinuerlig beskyttelse ved \u00e5 gripe kritiske omr\u00e5der uten \u00e5 for\u00e5rsake motstand.<\/p>\n<p>TriboDyn\u00ae giroljer kan ogs\u00e5 brukes i den nedre enhetsgirkassen der propellen er plassert.<\/div><\/div><!-- .lvca-panel --><div class=\"lvca-panel\" id=\"\"><div class=\"lvca-panel-title\">Vaikuttaako TriboDyn\u00ae-moottori\u00f6ljy autoni kiihtyvyyteen?<\/div><div class=\"lvca-panel-content\">Mange motorer n\u00f8ler n\u00e5r gasspedalen trykkes raskt p\u00e5 grunn av f.eks. fra friksjon i motoren. TriboDyn\u00ae reduserer motorfriksjonen og metall-til-metall-slitasje dramatisk i alvorlige motorbelastningssituasjoner. Forskjellen ligger i motorst\u00f8y, det er ogs\u00e5 mulig \u00e5 merke bilens akselerasjon.<\/div><\/div><!-- .lvca-panel --><div class=\"lvca-panel\" id=\"\"><div class=\"lvca-panel-title\">Kuinka TriboDyn\u00ae toimii dieselmoottoreiden kanssa?<\/div><div class=\"lvca-panel-content\">Uavhengige tester viser at ved hjelp av TriboDyn\u00ae er det mulig \u00e5 oppn\u00e5 opptil 10 % besparelser i drivstofforbruk.<\/p>\n<p>TriboDyn\u00ae reduserer komponentslitasje, \u00f8ker hestekrefter og dreiemoment, forbedrer stempelringens tetthet, reduserer oljeforbruket, senker kj\u00f8lev\u00e6sketemperaturen, reduserer motoroljeforbrenningen under drift og letter kald motorstart.<\/p>\n<p>En enklere oppstart betyr naturligvis at batterilevetiden ogs\u00e5 b\u00f8r forlenges betraktelig!<\/div><\/div><!-- .lvca-panel --><div class=\"lvca-panel\" id=\"\"><div class=\"lvca-panel-title\">Voinko k\u00e4ytt\u00e4\u00e4 TriboDyn\u00ae-vaihteisto\u00f6ljy\u00e4 tasauspy\u00f6r\u00e4st\u00f6ss\u00e4?<\/div><div class=\"lvca-panel-content\">Ja det kan du. TriboDyn\u00ae reduserer ogs\u00e5 slitasje og bidrar til \u00e5 avkj\u00f8le differensialen. TriboDyn\u00aes unike formulering gir ogs\u00e5 kontinuerlig beskyttelse ved \u00e5 feste seg til kritiske omr\u00e5der uten motstand, og gir kontinuerlige fordeler samtidig som den beskytter mot korrosjon.<\/div><\/div><!-- .lvca-panel --><div class=\"lvca-panel\" id=\"\"><div class=\"lvca-panel-title\">Parantaako TriboDyn\u00ae polttoainetalouttani?<\/div><div class=\"lvca-panel-content\">Redusert friksjon betyr bedre drivstoffeffektivitet med TriboDyn\u00ae-teknologi. Til tross for det store utvalget av motorer og drivere, har uavhengige tester vist en betydelig forbedring i drivstoff\u00f8konomi ved bruk av TriboDyn\u00ae-oljer.<\/div><\/div><!-- .lvca-panel --><div class=\"lvca-panel\" id=\"\"><div class=\"lvca-panel-title\">Kuinka TriboDyn\u00ae vaikuttaa joutok\u00e4ynti nopeuteen?<\/div><div class=\"lvca-panel-content\">I eldre motorer er det ikke uvanlig at tomgangshastigheten \u00f8ker n\u00e5r TriboDyn\u00ae brukes. Hvis motoren har alvorlige indre friksjonsproblemer, kan forbedringen v\u00e6re ganske dramatisk ved bruk av TriboDyn\u00ae. Det merkes mindre p\u00e5 motorer som er i god stand.<\/div><\/div><!-- .lvca-panel --><div class=\"lvca-panel\" id=\"\"><div class=\"lvca-panel-title\">Pident\u00e4\u00e4k\u00f6 TriboDyn\u00ae moottorin k\u00e4ytt\u00f6ik\u00e4\u00e4?<\/div><div class=\"lvca-panel-content\">TriboDyn\u00ae er designet for \u00e5 minimere friksjon og slitasje, forlenge komponent- og motorlevetid, senke driftstemperaturer og operere under ekstremt trykk og varme. Alle disse fordelene b\u00f8r forlenge levetiden til motorer som kj\u00f8rer p\u00e5 TriboDyn\u00ae-motoroljer. Bedre drivstoff\u00f8konomi, f\u00e6rre reparasjoner, sammen med lengre levetid p\u00e5 motoren, gir besparelser i driftskostnader.<\/div><\/div><!-- .lvca-panel --><div class=\"lvca-panel\" id=\"\"><div class=\"lvca-panel-title\">Onko TriboDyn\u00ae moottoripy\u00f6r\u00e4\u00f6ljyj\u00e4 sek\u00e4 kuiva- ett\u00e4 m\u00e4rk\u00e4kytkinmoottoreihin?<\/div><div class=\"lvca-panel-content\">TriboDyn\u00ae-motorolje fungerer veldig bra i 4-taktsmotorer med separat oljepanne og t\u00f8rr clutch. TriboDyn\u00ae JASO MA2 motorsykkelolje er designet for bruk i en v\u00e5t clutch, hvor motorolje ogs\u00e5 brukes til \u00e5 sm\u00f8re girkasse og clutch (v\u00e5t clutch).<\/div><\/div><!-- .lvca-panel --><div class=\"lvca-panel\" id=\"\"><div class=\"lvca-panel-title\">Ent\u00e4 uuden auton takuu?<\/div><div class=\"lvca-panel-content\">TriboDyn\u00ae p\u00e5virker ikke garantien til en ny bil. Vi anbefaler at du kj\u00f8rer en ny bil i 2000-5000 kilometer f\u00f8r du fyller p\u00e5 TriboDyn\u00ae motorolje.<\/div><\/div><!-- .lvca-panel --><div class=\"lvca-panel\" id=\"\"><div class=\"lvca-panel-title\">Auttaako TriboDyn\u00ae:in k\u00e4ytt\u00f6 \u00f6ljy\u00e4 kuluttavassa moottorissa?<\/div><div class=\"lvca-panel-content\">Mange gamle motorer viser tegn til brennende olje. Uavhengige tester har vist at TriboDyn\u00ae forbedrer tettheten til stempelringene, noe som \u00f8ker drivstoff\u00f8konomien og reduserer oljeforbruket. TriboDyn\u00ae kan ogs\u00e5 hjelpe i noen tilfeller ved \u00e5 l\u00f8sne delvis fastklemte stempelringer. Men hvis stempelringene sitter fast i sporene eller sylinderen er for l\u00f8s, kan ingen sm\u00f8remiddel eliminere oljeforbruket.<\/div><\/div><!-- .lvca-panel --><div class=\"lvca-panel\" id=\"\"><div class=\"lvca-panel-title\">Voiko TriboDyn\u00ae vahingoittaa \u00f6ljysuodatinta?<\/div><div class=\"lvca-panel-content\">Nei. TriboDyn\u00ae er laget av r\u00e5materialer som ikke blokkerer eller forstyrrer normal oljefiltrering. TriboDyns kritiske sm\u00f8remidler filtreres ikke av konvensjonelle eller h\u00f8yeffektive filtreringssystemer med sikter\/filtre p\u00e5 4 mikron eller st\u00f8rre.<\/div><\/div><!-- .lvca-panel --><div class=\"lvca-panel\" id=\"\"><div class=\"lvca-panel-title\">Toimiiko TriboDyn\u00ae vanhempien moottoreiden kanssa?<\/div><div class=\"lvca-panel-content\">Ja. Men hvis det er en gammel klassiker med oljer fra f\u00f8r 1950, anbefaler vi \u00e5 demontere motoren og rengj\u00f8re slammet fysisk fra veivhuset og ventilsetet.<\/div><\/div><!-- .lvca-panel --><div class=\"lvca-panel\" id=\"\"><div class=\"lvca-panel-title\">Kuinka TriboDyn\u00ae auttaa kuumak\u00e4ynnistyst\u00e4?<\/div><div class=\"lvca-panel-content\">TriboDyn\u00ae hjelper ved \u00e5 redusere friksjonen mellom deler av en varm motor. Uavhengige Dyno-testdata viser at motoroljen g\u00e5r kj\u00f8ligere n\u00e5r du bruker TriboDyn\u00ae-oljer.<\/div><\/div><!-- .lvca-panel --><div class=\"lvca-panel\" id=\"\"><div class=\"lvca-panel-title\">Voiko TriboDyn\u00ae auttaa kylm\u00e4ll\u00e4 s\u00e4\u00e4ll\u00e4?<\/div><div class=\"lvca-panel-content\">TriboDyn\u00ae \u00f8ker starthastigheten til kalde motorer, spesielt med dieselmotorer. Naturligvis betyr enklere oppstart ogs\u00e5 lengre batterilevetid!<\/div><\/div><!-- .lvca-panel --><div class=\"lvca-panel\" id=\"\"><div class=\"lvca-panel-title\">Voiko TriboDyn\u00ae: i\u00e4 k\u00e4ytt\u00e4\u00e4 manuaali ja automaattivaihteistossa?<\/div><div class=\"lvca-panel-content\">TriboDyn\u00ae giroljer kan brukes i alle manuelle girkasser, bortsett fra n\u00e5r ATF anbefales. TriboDyn\u00ae MV-ATF anbefales for automatgir.<\/div><\/div><!-- .lvca-panel --><div class=\"lvca-panel\" id=\"\"><div class=\"lvca-panel-title\">Kuinka TriboDyn\u00ae toimii turboahtimien kanssa?<\/div><div class=\"lvca-panel-content\">Turboladede motorer fungerer veldig bra med TriboDyn\u00ae.<\/div><\/div><!-- .lvca-panel --><div class=\"lvca-panel\" id=\"\"><div class=\"lvca-panel-title\">Kuinka TriboDyn\u00ae vaikuttaa moottorin kulumiseen?<\/div><div class=\"lvca-panel-content\">TriboDyn\u00ae er designet for \u00e5 minimere friksjon og slitasje, forlenge komponent- og motorlevetid, senke driftstemperaturer og operere under ekstremt trykk og varme. Alle disse fordelene skal bidra til \u00e5 redusere motorslitasje og forlenge motorens levetid.<\/div><\/div><!-- .lvca-panel --><\/div><!-- .lvca-accordion -->[\/vc_column][\/vc_row]\n","protected":false},"excerpt":{"rendered":"<p>[vc_row type=&raquo;in_container&raquo; full_screen_row_position=&raquo;middle&raquo; column_margin=&raquo;default&raquo; column_direction=&raquo;default&raquo; column_direction_tablet=&raquo;default&raquo; column_direction_phone=&raquo;default&raquo; scene_position=&raquo;center&raquo; text_color=&raquo;dark&raquo; text_align=&raquo;left&raquo; row_border_radius=&raquo;none&raquo; row_border_radius_applies=&raquo;bg&raquo; overflow=&raquo;visible&raquo; overlay_strength=&raquo;0.3&#8243; gradient_direction=&raquo;left_to_right&raquo; shape_divider_position=&raquo;bottom&raquo; bg_image_animation=&raquo;none&raquo;][vc_column column_padding=&raquo;no-extra-padding&raquo; column_padding_tablet=&raquo;inherit&raquo; column_padding_phone=&raquo;inherit&raquo; column_padding_position=&raquo;all&raquo; column_element_spacing=&raquo;default&raquo; background_color_opacity=&raquo;1&#8243; background_hover_color_opacity=&raquo;1&#8243; column_shadow=&raquo;none&raquo; column_border_radius=&raquo;none&raquo; column_link_target=&raquo;_self&raquo; column_position=&raquo;default&raquo; gradient_direction=&raquo;left_to_right&raquo; overlay_strength=&raquo;0.3&#8243;&#8230;<\/p>\n","protected":false},"author":1,"featured_media":0,"parent":0,"menu_order":0,"comment_status":"closed","ping_status":"closed","template":"","meta":{"footnotes":""},"class_list":["post-1957","page","type-page","status-publish"],"jetpack_sharing_enabled":true,"_links":{"self":[{"href":"https:\/\/www.tribodyn-nordic.com\/no\/wp-json\/wp\/v2\/pages\/1957","targetHints":{"allow":["GET"]}}],"collection":[{"href":"https:\/\/www.tribodyn-nordic.com\/no\/wp-json\/wp\/v2\/pages"}],"about":[{"href":"https:\/\/www.tribodyn-nordic.com\/no\/wp-json\/wp\/v2\/types\/page"}],"author":[{"embeddable":true,"href":"https:\/\/www.tribodyn-nordic.com\/no\/wp-json\/wp\/v2\/users\/1"}],"replies":[{"embeddable":true,"href":"https:\/\/www.tribodyn-nordic.com\/no\/wp-json\/wp\/v2\/comments?post=1957"}],"version-history":[{"count":9,"href":"https:\/\/www.tribodyn-nordic.com\/no\/wp-json\/wp\/v2\/pages\/1957\/revisions"}],"predecessor-version":[{"id":2077,"href":"https:\/\/www.tribodyn-nordic.com\/no\/wp-json\/wp\/v2\/pages\/1957\/revisions\/2077"}],"wp:attachment":[{"href":"https:\/\/www.tribodyn-nordic.com\/no\/wp-json\/wp\/v2\/media?parent=1957"}],"curies":[{"name":"wp","href":"https:\/\/api.w.org\/{rel}","templated":true}]}}