{"id":2021,"date":"2021-12-18T15:07:22","date_gmt":"2021-12-18T13:07:22","guid":{"rendered":"https:\/\/www.tribodyn-nordic.com\/testresultater\/"},"modified":"2024-01-14T11:24:29","modified_gmt":"2024-01-14T09:24:29","slug":"testresultater","status":"publish","type":"page","link":"https:\/\/www.tribodyn-nordic.com\/no\/testresultater\/","title":{"rendered":"Testresultater"},"content":{"rendered":"[vc_row type=&raquo;in_container&raquo; full_screen_row_position=&raquo;middle&raquo; column_margin=&raquo;default&raquo; column_direction=&raquo;default&raquo; column_direction_tablet=&raquo;default&raquo; column_direction_phone=&raquo;default&raquo; scene_position=&raquo;center&raquo; text_color=&raquo;dark&raquo; text_align=&raquo;left&raquo; row_border_radius=&raquo;none&raquo; row_border_radius_applies=&raquo;bg&raquo; overflow=&raquo;visible&raquo; overlay_strength=&raquo;0.3&#8243; gradient_direction=&raquo;left_to_right&raquo; shape_divider_position=&raquo;bottom&raquo; bg_image_animation=&raquo;none&raquo;][vc_column column_padding=&raquo;no-extra-padding&raquo; column_padding_tablet=&raquo;inherit&raquo; column_padding_phone=&raquo;inherit&raquo; column_padding_position=&raquo;all&raquo; column_element_spacing=&raquo;default&raquo; background_color_opacity=&raquo;1&#8243; background_hover_color_opacity=&raquo;1&#8243; column_shadow=&raquo;none&raquo; column_border_radius=&raquo;none&raquo; column_link_target=&raquo;_self&raquo; column_position=&raquo;default&raquo; gradient_direction=&raquo;left_to_right&raquo; overlay_strength=&raquo;0.3&#8243; width=&raquo;1\/1&#8243; tablet_width_inherit=&raquo;default&raquo; tablet_text_alignment=&raquo;default&raquo; phone_text_alignment=&raquo;default&raquo; animation_type=&raquo;default&raquo; bg_image_animation=&raquo;none&raquo; border_type=&raquo;simple&raquo; column_border_width=&raquo;none&raquo; column_border_style=&raquo;solid&raquo;][divider line_type=&raquo;No Line&raquo; custom_height=&raquo;50&#8243;][\/vc_column][\/vc_row][vc_row type=&raquo;in_container&raquo; full_screen_row_position=&raquo;middle&raquo; column_margin=&raquo;default&raquo; column_direction=&raquo;default&raquo; column_direction_tablet=&raquo;default&raquo; column_direction_phone=&raquo;default&raquo; scene_position=&raquo;center&raquo; text_color=&raquo;dark&raquo; text_align=&raquo;left&raquo; row_border_radius=&raquo;none&raquo; row_border_radius_applies=&raquo;bg&raquo; overflow=&raquo;visible&raquo; overlay_strength=&raquo;0.3&#8243; gradient_direction=&raquo;left_to_right&raquo; shape_divider_position=&raquo;bottom&raquo; bg_image_animation=&raquo;none&raquo;][vc_column column_padding=&raquo;no-extra-padding&raquo; column_padding_tablet=&raquo;inherit&raquo; column_padding_phone=&raquo;inherit&raquo; column_padding_position=&raquo;all&raquo; column_element_spacing=&raquo;default&raquo; background_color_opacity=&raquo;1&#8243; background_hover_color_opacity=&raquo;1&#8243; column_shadow=&raquo;none&raquo; column_border_radius=&raquo;none&raquo; column_link_target=&raquo;_self&raquo; column_position=&raquo;default&raquo; gradient_direction=&raquo;left_to_right&raquo; overlay_strength=&raquo;0.3&#8243; width=&raquo;1\/1&#8243; tablet_width_inherit=&raquo;default&raquo; tablet_text_alignment=&raquo;default&raquo; phone_text_alignment=&raquo;default&raquo; animation_type=&raquo;default&raquo; bg_image_animation=&raquo;none&raquo; border_type=&raquo;simple&raquo; column_border_width=&raquo;none&raquo; column_border_style=&raquo;solid&raquo;][vc_column_text]\n<h2>Mindre friksjonsslitasje og flere hestekrefter<\/h2>\n[\/vc_column_text][\/vc_column][\/vc_row][vc_row type=&raquo;in_container&raquo; full_screen_row_position=&raquo;middle&raquo; column_margin=&raquo;default&raquo; column_direction=&raquo;default&raquo; column_direction_tablet=&raquo;default&raquo; column_direction_phone=&raquo;default&raquo; scene_position=&raquo;center&raquo; text_color=&raquo;dark&raquo; text_align=&raquo;left&raquo; row_border_radius=&raquo;none&raquo; row_border_radius_applies=&raquo;bg&raquo; overflow=&raquo;visible&raquo; overlay_strength=&raquo;0.3&#8243; gradient_direction=&raquo;left_to_right&raquo; shape_divider_position=&raquo;bottom&raquo; bg_image_animation=&raquo;none&raquo;][vc_column column_padding=&raquo;no-extra-padding&raquo; column_padding_tablet=&raquo;inherit&raquo; column_padding_phone=&raquo;inherit&raquo; column_padding_position=&raquo;all&raquo; column_element_spacing=&raquo;default&raquo; background_color_opacity=&raquo;1&#8243; background_hover_color_opacity=&raquo;1&#8243; column_shadow=&raquo;none&raquo; column_border_radius=&raquo;none&raquo; column_link_target=&raquo;_self&raquo; column_position=&raquo;default&raquo; gradient_direction=&raquo;left_to_right&raquo; overlay_strength=&raquo;0.3&#8243; width=&raquo;1\/1&#8243; tablet_width_inherit=&raquo;default&raquo; tablet_text_alignment=&raquo;default&raquo; phone_text_alignment=&raquo;default&raquo; animation_type=&raquo;default&raquo; bg_image_animation=&raquo;none&raquo; border_type=&raquo;simple&raquo; column_border_width=&raquo;none&raquo; column_border_style=&raquo;solid&raquo;][vc_column_text]\n<p id=\"tw-target-text\" class=\"tw-data-text tw-text-large tw-ta\" dir=\"ltr\" data-placeholder=\"K\u00e4\u00e4nn\u00f6s\"><span class=\"Y2IQFc\" lang=\"fi\">Tribodyn\u00ae har blitt brukt av mange racerf\u00f8rere og entusiaster gjennom \u00e5rene. I Finland har Tribodyns oljer blitt brukt med hell, bl.a. i f\u00f8lgende serier: time attack SM-serien, historisk l\u00f8p, IRRC, drifting, akselerasjon og flere rallyklasser.  <\/span><span class=\"Y2IQFc\" lang=\"fi\">Rundt om i verden har Tribodys produkter blitt brukt med suksess, bl.a. i nasjonal nascar, drifting, pulling og formelserier.<\/span><\/p>\n[\/vc_column_text][divider line_type=&raquo;Full Width Line&raquo; line_thickness=&raquo;1&#8243; divider_color=&raquo;default&raquo; custom_height=&raquo;100&#8243;][\/vc_column][\/vc_row][vc_row type=&raquo;in_container&raquo; full_screen_row_position=&raquo;middle&raquo; column_margin=&raquo;default&raquo; column_direction=&raquo;default&raquo; column_direction_tablet=&raquo;default&raquo; column_direction_phone=&raquo;default&raquo; scene_position=&raquo;center&raquo; text_color=&raquo;dark&raquo; text_align=&raquo;left&raquo; row_border_radius=&raquo;none&raquo; row_border_radius_applies=&raquo;bg&raquo; overflow=&raquo;visible&raquo; overlay_strength=&raquo;0.3&#8243; gradient_direction=&raquo;left_to_right&raquo; shape_divider_position=&raquo;bottom&raquo; bg_image_animation=&raquo;none&raquo;][vc_column column_padding=&raquo;no-extra-padding&raquo; column_padding_tablet=&raquo;inherit&raquo; column_padding_phone=&raquo;inherit&raquo; column_padding_position=&raquo;all&raquo; column_element_spacing=&raquo;default&raquo; background_color_opacity=&raquo;1&#8243; background_hover_color_opacity=&raquo;1&#8243; column_shadow=&raquo;none&raquo; column_border_radius=&raquo;none&raquo; column_link_target=&raquo;_self&raquo; column_position=&raquo;default&raquo; gradient_direction=&raquo;left_to_right&raquo; overlay_strength=&raquo;0.3&#8243; width=&raquo;1\/1&#8243; tablet_width_inherit=&raquo;default&raquo; tablet_text_alignment=&raquo;default&raquo; phone_text_alignment=&raquo;default&raquo; animation_type=&raquo;default&raquo; bg_image_animation=&raquo;none&raquo; border_type=&raquo;simple&raquo; column_border_width=&raquo;none&raquo; column_border_style=&raquo;solid&raquo;][image_with_animation image_url=&raquo;1092&#8243; image_size=&raquo;portfolio-thumb&raquo; animation_type=&raquo;entrance&raquo; animation=&raquo;Fade In&raquo; hover_animation=&raquo;none&raquo; alignment=&raquo;&raquo; border_radius=&raquo;none&raquo; box_shadow=&raquo;none&raquo; image_loading=&raquo;default&raquo; max_width=&raquo;100%&raquo; max_width_mobile=&raquo;default&raquo;][\/vc_column][\/vc_row][vc_row type=&raquo;in_container&raquo; full_screen_row_position=&raquo;middle&raquo; column_margin=&raquo;default&raquo; column_direction=&raquo;default&raquo; column_direction_tablet=&raquo;default&raquo; column_direction_phone=&raquo;default&raquo; scene_position=&raquo;center&raquo; text_color=&raquo;dark&raquo; text_align=&raquo;left&raquo; row_border_radius=&raquo;none&raquo; row_border_radius_applies=&raquo;bg&raquo; overflow=&raquo;visible&raquo; overlay_strength=&raquo;0.3&#8243; gradient_direction=&raquo;left_to_right&raquo; shape_divider_position=&raquo;bottom&raquo; bg_image_animation=&raquo;none&raquo;][vc_column column_padding=&raquo;no-extra-padding&raquo; column_padding_tablet=&raquo;inherit&raquo; column_padding_phone=&raquo;inherit&raquo; column_padding_position=&raquo;all&raquo; column_element_spacing=&raquo;default&raquo; background_color_opacity=&raquo;1&#8243; background_hover_color_opacity=&raquo;1&#8243; column_shadow=&raquo;none&raquo; column_border_radius=&raquo;none&raquo; column_link_target=&raquo;_self&raquo; column_position=&raquo;default&raquo; gradient_direction=&raquo;left_to_right&raquo; overlay_strength=&raquo;0.3&#8243; width=&raquo;1\/1&#8243; tablet_width_inherit=&raquo;default&raquo; tablet_text_alignment=&raquo;default&raquo; phone_text_alignment=&raquo;default&raquo; animation_type=&raquo;default&raquo; bg_image_animation=&raquo;none&raquo; border_type=&raquo;simple&raquo; column_border_width=&raquo;none&raquo; column_border_style=&raquo;solid&raquo;][vc_column_text]\n<h2 id=\"tw-target-text\" class=\"tw-data-text tw-text-large tw-ta\" dir=\"ltr\" data-placeholder=\"K\u00e4\u00e4nn\u00f6s\"><span class=\"Y2IQFc\" lang=\"fi\">Uavhengige testresultater<\/span><\/h2>\n<p class=\"tw-data-text tw-text-large tw-ta\" dir=\"ltr\" data-placeholder=\"K\u00e4\u00e4nn\u00f6s\"><span class=\"Y2IQFc\" lang=\"fi\">Testresultatene bekrefter egenskapene til TriboDyn\u00ae. Sjekk ut de dokumenterte testresultatene.<\/span><\/p>\n[\/vc_column_text][\/vc_column][\/vc_row][vc_row type=&raquo;in_container&raquo; full_screen_row_position=&raquo;middle&raquo; column_margin=&raquo;default&raquo; column_direction=&raquo;default&raquo; column_direction_tablet=&raquo;default&raquo; column_direction_phone=&raquo;default&raquo; scene_position=&raquo;center&raquo; text_color=&raquo;dark&raquo; text_align=&raquo;left&raquo; row_border_radius=&raquo;none&raquo; row_border_radius_applies=&raquo;bg&raquo; overflow=&raquo;visible&raquo; overlay_strength=&raquo;0.3&#8243; gradient_direction=&raquo;left_to_right&raquo; shape_divider_position=&raquo;bottom&raquo; bg_image_animation=&raquo;none&raquo;][vc_column column_padding=&raquo;no-extra-padding&raquo; column_padding_tablet=&raquo;inherit&raquo; column_padding_phone=&raquo;inherit&raquo; column_padding_position=&raquo;all&raquo; column_element_spacing=&raquo;default&raquo; background_color_opacity=&raquo;1&#8243; background_hover_color_opacity=&raquo;1&#8243; column_shadow=&raquo;none&raquo; column_border_radius=&raquo;none&raquo; column_link_target=&raquo;_self&raquo; column_position=&raquo;default&raquo; gradient_direction=&raquo;left_to_right&raquo; overlay_strength=&raquo;0.3&#8243; width=&raquo;1\/1&#8243; tablet_width_inherit=&raquo;default&raquo; tablet_text_alignment=&raquo;default&raquo; phone_text_alignment=&raquo;default&raquo; animation_type=&raquo;default&raquo; bg_image_animation=&raquo;none&raquo; border_type=&raquo;simple&raquo; column_border_width=&raquo;none&raquo; column_border_style=&raquo;solid&raquo;]<div class=\"lvca-accordion lvca-style1\" data-toggle=\"false\" data-expanded=\"false\"><div class=\"lvca-panel\" id=\"\"><div class=\"lvca-panel-title\">Timken testi<\/div><div class=\"lvca-panel-content\">\n<p id=\"tw-target-text\" class=\"tw-data-text tw-text-large tw-ta\" dir=\"ltr\" data-placeholder=\"K\u00e4\u00e4nn\u00f6s\"><span class=\"Y2IQFc\" lang=\"fi\">TriboDyn\u00ae utfyller denne trykktesten, som har som m\u00e5l \u00e5 finne ut hvordan ledende oljer reduserer eller eliminerer skader for\u00e5rsaket av friksjon i en forbrenningsmotor.<\/span><\/p>\n<p class=\"tw-data-text tw-text-large tw-ta\" dir=\"ltr\" data-placeholder=\"K\u00e4\u00e4nn\u00f6s\"><span class=\"Y2IQFc\" lang=\"fi\"><a href=\"https:\/\/www.tribodyn-nordic.com\/wp-content\/uploads\/2021\/12\/Extreme-PressureLubricantEvaluationTimkenTest.pdf\">Les Timkes testresultater<\/a><br \/>\n<img decoding=\"async\" class=\"size-medium wp-image-1242 alignright\" src=\"https:\/\/www.tribodyn-nordic.com\/wp-content\/uploads\/2021\/12\/untitled2jpg-1535468126990-300x214.jpg\" alt=\"\" width=\"300\" height=\"214\" srcset=\"https:\/\/www.tribodyn-nordic.com\/wp-content\/uploads\/2021\/12\/untitled2jpg-1535468126990-300x214.jpg 300w, https:\/\/www.tribodyn-nordic.com\/wp-content\/uploads\/2021\/12\/untitled2jpg-1535468126990.jpg 500w\" sizes=\"(max-width: 300px) 100vw, 300px\" \/> <\/span><\/p>\n<\/div><\/div><!-- .lvca-panel --><div class=\"lvca-panel\" id=\"\"><div class=\"lvca-panel-title\">Metropolia Ammattikorkeakoulun insin\u00f6\u00f6rity\u00f6<\/div><div class=\"lvca-panel-content\">\n<p id=\"tw-target-text\" class=\"tw-data-text tw-text-large tw-ta\" dir=\"ltr\" data-placeholder=\"K\u00e4\u00e4nn\u00f6s\"><span class=\"Y2IQFc\" lang=\"fi\">Ingeni\u00f8rarbeidet til Metropoli University of Applied Sciences studerte trykkmotstanden til oljer og TriboDyn\u00ae vant dem alle.<\/span><\/p>\n<p id=\"tw-target-text\" class=\"tw-data-text tw-text-large tw-ta\" dir=\"ltr\" data-placeholder=\"K\u00e4\u00e4nn\u00f6s\"><span class=\"Y2IQFc\" lang=\"fi\"><br \/>\n<img decoding=\"async\" class=\"size-medium wp-image-1246 alignright\" src=\"https:\/\/www.tribodyn-nordic.com\/wp-content\/uploads\/2021\/12\/motorrjpg-1534787511933-300x147.jpg\" alt=\"\" width=\"300\" height=\"147\" srcset=\"https:\/\/www.tribodyn-nordic.com\/wp-content\/uploads\/2021\/12\/motorrjpg-1534787511933-300x147.jpg 300w, https:\/\/www.tribodyn-nordic.com\/wp-content\/uploads\/2021\/12\/motorrjpg-1534787511933.jpg 541w\" sizes=\"(max-width: 300px) 100vw, 300px\" \/><br \/>\n<a href=\"https:\/\/www.tribodyn-nordic.com\/wp-content\/uploads\/2021\/12\/moottorioljyvertailu.pdf\">Les sammenligningen av motorolje her<\/a><\/span><\/p>\n<\/div><\/div><!-- .lvca-panel --><div class=\"lvca-panel\" id=\"\"><div class=\"lvca-panel-title\">Duramax Diesel Competitive Pull<\/div><div class=\"lvca-panel-content\">\n<p id=\"tw-target-text\" class=\"tw-data-text tw-text-large tw-ta\" dir=\"ltr\" data-placeholder=\"K\u00e4\u00e4nn\u00f6s\"><span class=\"Y2IQFc\" lang=\"fi\">Duramax Diesel Competitive Pull  <\/span><\/p>\n<p class=\"tw-data-text tw-text-large tw-ta\" dir=\"ltr\" data-placeholder=\"K\u00e4\u00e4nn\u00f6s\"><span class=\"Y2IQFc\" lang=\"fi\">Den h\u00f8ye ytelsen Duramax Diesel p\u00e5 bildet nedenfor bruker TriboDys 15W-40 Synthetic Blend Heavy Duty motorolje. Ved starten av l\u00f8pet br\u00f8t oljepumpen sammen og motorens oljetrykkavlesning falt til null. Sj\u00e5f\u00f8ren fortsatte \u00e5 trekke fordi han kjente egenskapene til TriboDyn-oljen. \u00c5 fortsette et slikt trekk med null oljetrykk vil typisk bety motorsvikt og en fullstendig ombygging av motoren. Men i forbindelse med motorvedlikeholdet etter l\u00f8p fikk vi disse bildene fra sj\u00e5f\u00f8ren. Inne i motoren var alt i god stand og lagrene forble 100% intakte og brukbare.<\/span><\/p>\n<p id=\"tw-target-text\" class=\"tw-data-text tw-text-large tw-ta\" dir=\"ltr\" data-placeholder=\"K\u00e4\u00e4nn\u00f6s\"><span class=\"Y2IQFc\" lang=\"fi\"><br \/>\n<img decoding=\"async\" class=\"alignright wp-image-1249 size-full\" src=\"https:\/\/www.tribodyn-nordic.com\/wp-content\/uploads\/2021\/12\/truckjpg-1535468983724.jpg\" alt=\"\" width=\"411\" height=\"269\" srcset=\"https:\/\/www.tribodyn-nordic.com\/wp-content\/uploads\/2021\/12\/truckjpg-1535468983724.jpg 411w, https:\/\/www.tribodyn-nordic.com\/wp-content\/uploads\/2021\/12\/truckjpg-1535468983724-300x196.jpg 300w\" sizes=\"(max-width: 411px) 100vw, 411px\" \/><img decoding=\"async\" class=\"alignnone wp-image-1248 size-full\" src=\"https:\/\/www.tribodyn-nordic.com\/wp-content\/uploads\/2021\/12\/3jpg-1535489718394-2.jpg\" alt=\"\" width=\"496\" height=\"210\" srcset=\"https:\/\/www.tribodyn-nordic.com\/wp-content\/uploads\/2021\/12\/3jpg-1535489718394-2.jpg 496w, https:\/\/www.tribodyn-nordic.com\/wp-content\/uploads\/2021\/12\/3jpg-1535489718394-2-300x127.jpg 300w\" sizes=\"(max-width: 496px) 100vw, 496px\" \/><br \/>\n<\/span><\/p>\n<\/div><\/div><!-- .lvca-panel --><div class=\"lvca-panel\" id=\"\"><div class=\"lvca-panel-title\">Mobil 1 Motorcycle Oil vs. TriboDyn\u00ae Motorcycle<\/div><div class=\"lvca-panel-content\">\n<p id=\"tw-target-text\" class=\"tw-data-text tw-text-large tw-ta\" dir=\"ltr\" data-placeholder=\"K\u00e4\u00e4nn\u00f6s\"><span class=\"Y2IQFc\" lang=\"fi\">Olje Oddball Industries Sammenligning mellom Mobil 1 10W-40 motorsykkelolje og TriboDyn\u00ae 10W-40 motorsykkelolje.<\/span><\/p>\n<p><a href=\"https:\/\/www.tribodyn-nordic.com\/wp-content\/uploads\/2021\/12\/TriboDyn_10W-40_Motorcycle_Oil_OddBall_Industry_Dyno_Test_Results.pdf\">TriboDyn_10W-40_Motorcycle_Oil_OddBall_Industry_Dyno_Test_Results<\/a><\/div><\/div><!-- .lvca-panel --><div class=\"lvca-panel\" id=\"\"><div class=\"lvca-panel-title\">TriboDyn\u00ae Engine Oil vs. Mobile 1, Valvoline, Brad Penn &amp; others<\/div><div class=\"lvca-panel-content\">\n<p id=\"tw-target-text\" class=\"tw-data-text tw-text-large tw-ta\" dir=\"ltr\" data-placeholder=\"K\u00e4\u00e4nn\u00f6s\"><span class=\"Y2IQFc\" lang=\"fi\">Testing av Moe Race Engines i Australia viser hvordan reduksjon av friksjon p\u00e5 testmotorer brukte mindre drivstoff for \u00e5 gi bedre resultater i dreiemoment og hestekrefter med TriboDyn\u00ae.<\/span><\/p>\n<p dir=\"ltr\" data-placeholder=\"K\u00e4\u00e4nn\u00f6s\"><a href=\"https:\/\/www.tribodyn-nordic.com\/wp-content\/uploads\/2021\/12\/Moe_Engines_Australian_Dyno_Test_July_2017.pdf\">Moe_Engines_Australian_Dyno_Test_July_2017<\/a><\/p>\n<\/div><\/div><!-- .lvca-panel --><div class=\"lvca-panel\" id=\"\"><div class=\"lvca-panel-title\">Club DSport Magazine testasi Tribodyn\u00ae:n<\/div><div class=\"lvca-panel-content\">\n<p id=\"tw-target-text\" class=\"tw-data-text tw-text-large tw-ta\" dir=\"ltr\" data-placeholder=\"K\u00e4\u00e4nn\u00f6s\"><span class=\"Y2IQFc\" lang=\"fi\">Club DSport Magazine testet Tribody\u00ae p\u00e5 et 2005 Cadillac Escalade prosjektkj\u00f8ret\u00f8y. Dyno-avlesninger viste at TriboDyn\u00ae overgikk ledende konvensjonelle oljer ved \u00e5 redusere friksjonsslitasje og dermed \u00f8ke hestekrefter med opptil 3 % ved h\u00f8yere rpm. Club DSports Magazine anbefaler TriboDyn\u00ae-olje etter disse imponerende dyno-resultatene.<\/span><\/p>\n<p>https:\/\/www.youtube.com\/watch?v=15hp650Z41I<\/div><\/div><!-- .lvca-panel --><\/div><!-- .lvca-accordion -->[\/vc_column][\/vc_row]\n","protected":false},"excerpt":{"rendered":"<p>[vc_row type=&raquo;in_container&raquo; full_screen_row_position=&raquo;middle&raquo; column_margin=&raquo;default&raquo; column_direction=&raquo;default&raquo; column_direction_tablet=&raquo;default&raquo; column_direction_phone=&raquo;default&raquo; scene_position=&raquo;center&raquo; text_color=&raquo;dark&raquo; text_align=&raquo;left&raquo; row_border_radius=&raquo;none&raquo; row_border_radius_applies=&raquo;bg&raquo; overflow=&raquo;visible&raquo; overlay_strength=&raquo;0.3&#8243; gradient_direction=&raquo;left_to_right&raquo; shape_divider_position=&raquo;bottom&raquo; bg_image_animation=&raquo;none&raquo;][vc_column column_padding=&raquo;no-extra-padding&raquo; column_padding_tablet=&raquo;inherit&raquo; column_padding_phone=&raquo;inherit&raquo; column_padding_position=&raquo;all&raquo; column_element_spacing=&raquo;default&raquo; background_color_opacity=&raquo;1&#8243; background_hover_color_opacity=&raquo;1&#8243; column_shadow=&raquo;none&raquo; column_border_radius=&raquo;none&raquo; column_link_target=&raquo;_self&raquo; column_position=&raquo;default&raquo; gradient_direction=&raquo;left_to_right&raquo; overlay_strength=&raquo;0.3&#8243;&#8230;<\/p>\n","protected":false},"author":1,"featured_media":0,"parent":0,"menu_order":0,"comment_status":"closed","ping_status":"closed","template":"","meta":{"footnotes":""},"class_list":["post-2021","page","type-page","status-publish"],"jetpack_sharing_enabled":true,"_links":{"self":[{"href":"https:\/\/www.tribodyn-nordic.com\/no\/wp-json\/wp\/v2\/pages\/2021","targetHints":{"allow":["GET"]}}],"collection":[{"href":"https:\/\/www.tribodyn-nordic.com\/no\/wp-json\/wp\/v2\/pages"}],"about":[{"href":"https:\/\/www.tribodyn-nordic.com\/no\/wp-json\/wp\/v2\/types\/page"}],"author":[{"embeddable":true,"href":"https:\/\/www.tribodyn-nordic.com\/no\/wp-json\/wp\/v2\/users\/1"}],"replies":[{"embeddable":true,"href":"https:\/\/www.tribodyn-nordic.com\/no\/wp-json\/wp\/v2\/comments?post=2021"}],"version-history":[{"count":4,"href":"https:\/\/www.tribodyn-nordic.com\/no\/wp-json\/wp\/v2\/pages\/2021\/revisions"}],"predecessor-version":[{"id":2083,"href":"https:\/\/www.tribodyn-nordic.com\/no\/wp-json\/wp\/v2\/pages\/2021\/revisions\/2083"}],"wp:attachment":[{"href":"https:\/\/www.tribodyn-nordic.com\/no\/wp-json\/wp\/v2\/media?parent=2021"}],"curies":[{"name":"wp","href":"https:\/\/api.w.org\/{rel}","templated":true}]}}