{"id":2119,"date":"2021-12-11T14:08:30","date_gmt":"2021-12-11T12:08:30","guid":{"rendered":"https:\/\/www.tribodyn-nordic.com\/vanliga-fragor\/"},"modified":"2024-01-14T11:24:48","modified_gmt":"2024-01-14T09:24:48","slug":"vanliga-fragor","status":"publish","type":"page","link":"https:\/\/www.tribodyn-nordic.com\/sv\/vanliga-fragor\/","title":{"rendered":"VANLIGA FR\u00c5GOR"},"content":{"rendered":"[vc_row type=&#8221;in_container&#8221; full_screen_row_position=&#8221;middle&#8221; column_margin=&#8221;default&#8221; column_direction=&#8221;default&#8221; column_direction_tablet=&#8221;default&#8221; column_direction_phone=&#8221;default&#8221; scene_position=&#8221;center&#8221; text_color=&#8221;dark&#8221; text_align=&#8221;left&#8221; row_border_radius=&#8221;none&#8221; row_border_radius_applies=&#8221;bg&#8221; overflow=&#8221;visible&#8221; overlay_strength=&#8221;0.3&#8243; gradient_direction=&#8221;left_to_right&#8221; shape_divider_position=&#8221;bottom&#8221; bg_image_animation=&#8221;none&#8221;][vc_column column_padding=&#8221;no-extra-padding&#8221; column_padding_tablet=&#8221;inherit&#8221; column_padding_phone=&#8221;inherit&#8221; column_padding_position=&#8221;all&#8221; column_element_spacing=&#8221;default&#8221; background_color_opacity=&#8221;1&#8243; background_hover_color_opacity=&#8221;1&#8243; column_shadow=&#8221;none&#8221; column_border_radius=&#8221;none&#8221; column_link_target=&#8221;_self&#8221; column_position=&#8221;default&#8221; gradient_direction=&#8221;left_to_right&#8221; overlay_strength=&#8221;0.3&#8243; width=&#8221;1\/1&#8243; tablet_width_inherit=&#8221;default&#8221; tablet_text_alignment=&#8221;default&#8221; phone_text_alignment=&#8221;default&#8221; animation_type=&#8221;default&#8221; bg_image_animation=&#8221;none&#8221; border_type=&#8221;simple&#8221; column_border_width=&#8221;none&#8221; column_border_style=&#8221;solid&#8221;]<div class=\"lvca-accordion lvca-style1\" data-toggle=\"false\" data-expanded=\"false\"><div class=\"lvca-panel\" id=\"\"><div class=\"lvca-panel-title\">TriboDyn\u00ae:in suosittellut k\u00e4ytt\u00f6tarkoitukset?<\/div><div class=\"lvca-panel-content\">Alla motorer, v\u00e4xell\u00e5dor, \u00f6ppna differentialer eller differentialer med spolning. TriboDyn\u00ae tillverkar \u00e4ven specialoljor som rekommenderas f\u00f6r: automatiska v\u00e4xell\u00e5dor, differentialer av positraktionstyp eller alla typer av kopplingsenheter.<\/div><\/div><!-- .lvca-panel --><\/div><!-- .lvca-accordion --><div class=\"lvca-accordion lvca-style1\" data-toggle=\"false\" data-expanded=\"false\"><div class=\"lvca-panel\" id=\"\"><div class=\"lvca-panel-title\">Kuinka usein minun pit\u00e4isi vaihtaa \u00f6ljyt?<\/div><div class=\"lvca-panel-content\">Vi rekommenderar att du byter olja och filter enligt tillverkarens rekommendationer. M\u00e5nga av v\u00e5ra kunder upplever dock att oljan inte \u00e4r lika smutsig som normalt n\u00e4r de byter olja, tack vare TriboDyn\u00aes f\u00f6rm\u00e5ga att minska friktion och slitage. Det \u00e4r ofta m\u00f6jligt att f\u00f6rl\u00e4nga oljebytesintervallet.<\/div><\/div><!-- .lvca-panel --><\/div><!-- .lvca-accordion --><div class=\"lvca-accordion lvca-style1\" data-toggle=\"false\" data-expanded=\"false\"><div class=\"lvca-panel\" id=\"\"><div class=\"lvca-panel-title\">Vaikuttaako TriboDyn\u00ae-moottori\u00f6ljy autoni kiihtyvyyteen?<\/div><div class=\"lvca-panel-content\">M\u00e5nga motorer tvekar n\u00e4r gaspedalen trycks ned snabbt, bland annat p\u00e5 grund av friktion i motorn. TriboDyn\u00ae minskar dramatiskt friktionen i motorn och slitaget fr\u00e5n metall till metall under f\u00f6rh\u00e5llanden med h\u00f6g motorbelastning. Skillnaden i motorvarvtal kan ocks\u00e5 ses i bilens acceleration.<\/div><\/div><!-- .lvca-panel --><div class=\"lvca-panel\" id=\"\"><div class=\"lvca-panel-title\">Voinko k\u00e4ytt\u00e4\u00e4 TriboDyn\u00ae-tuotteita venemoottorini kanssa?<\/div><div class=\"lvca-panel-content\">TriboDyn\u00ae fungerar bra i marinmotorer. Det b\u00f6r anv\u00e4ndas p\u00e5 samma s\u00e4tt som i bil- och dieselmotorer. TriboDyns unika formula ger ocks\u00e5 ett kontinuerligt skydd genom att greppa kritiska omr\u00e5den utan att orsaka motst\u00e5nd.<\/p>\n<p>TriboDyn\u00ae v\u00e4xell\u00e5dsoljor kan ocks\u00e5 anv\u00e4ndas i den nedre v\u00e4xell\u00e5dan d\u00e4r propellern \u00e4r placerad.<\/div><\/div><!-- .lvca-panel --><div class=\"lvca-panel\" id=\"\"><div class=\"lvca-panel-title\">Vaikuttaako TriboDyn\u00ae-moottori\u00f6ljy autoni kiihtyvyyteen?<\/div><div class=\"lvca-panel-content\">M\u00e5nga motorer tvekar n\u00e4r gaspedalen trycks ned snabbt, bland annat p\u00e5 grund av friktion i motorn. TriboDyn\u00ae minskar dramatiskt friktionen i motorn och slitaget fr\u00e5n metall till metall under f\u00f6rh\u00e5llanden med h\u00f6g motorbelastning. Skillnaden i motorvarvtal kan ocks\u00e5 ses i bilens acceleration.<\/div><\/div><!-- .lvca-panel --><div class=\"lvca-panel\" id=\"\"><div class=\"lvca-panel-title\">Kuinka TriboDyn\u00ae toimii dieselmoottoreiden kanssa?<\/div><div class=\"lvca-panel-content\">Oberoende tester visar att det med TriboDyn\u00ae \u00e4r m\u00f6jligt att uppn\u00e5 br\u00e4nslebesparingar p\u00e5 upp till 10%.<\/p>\n<p>TriboDyn\u00ae minskar slitaget p\u00e5 delar, \u00f6kar h\u00e4stkrafter och vridmoment, f\u00f6rb\u00e4ttrar kolvringarnas t\u00e4thet, minskar oljef\u00f6rbrukningen, s\u00e4nker kylv\u00e4tsketemperaturen, minskar f\u00f6rbr\u00e4nningen av motorolja under drift och underl\u00e4ttar kallstarter.<\/p>\n<p>En enklare start inneb\u00e4r naturligtvis ocks\u00e5 att batteritiden f\u00f6rl\u00e4ngs avsev\u00e4rt!<\/div><\/div><!-- .lvca-panel --><div class=\"lvca-panel\" id=\"\"><div class=\"lvca-panel-title\">Voinko k\u00e4ytt\u00e4\u00e4 TriboDyn\u00ae-vaihteisto\u00f6ljy\u00e4 tasauspy\u00f6r\u00e4st\u00f6ss\u00e4?<\/div><div class=\"lvca-panel-content\">Ja, det kan du. TriboDyn\u00ae minskar ocks\u00e5 slitaget och hj\u00e4lper till att kyla differentialen. TriboDyn\u00aes unika formulering ger ocks\u00e5 ett kontinuerligt skydd genom att den f\u00e4ster p\u00e5 kritiska omr\u00e5den utan motst\u00e5nd, vilket ger kontinuerliga f\u00f6rdelar samtidigt som den skyddar mot korrosion.<\/div><\/div><!-- .lvca-panel --><div class=\"lvca-panel\" id=\"\"><div class=\"lvca-panel-title\">Parantaako TriboDyn\u00ae polttoainetalouttani?<\/div><div class=\"lvca-panel-content\">Minskad friktion inneb\u00e4r b\u00e4ttre br\u00e4nsleeffektivitet med TriboDyn\u00ae-teknik. Trots den stora variationen i motorer och f\u00f6rare har oberoende tester visat en betydande f\u00f6rb\u00e4ttring av br\u00e4nsleekonomin vid anv\u00e4ndning av TriboDyn\u00ae-oljor.<\/div><\/div><!-- .lvca-panel --><div class=\"lvca-panel\" id=\"\"><div class=\"lvca-panel-title\">Kuinka TriboDyn\u00ae vaikuttaa joutok\u00e4ynti nopeuteen?<\/div><div class=\"lvca-panel-content\">I \u00e4ldre motorer \u00e4r det inte ovanligt att tomg\u00e5ngsvarvtalet \u00f6kar n\u00e4r TriboDyn\u00ae anv\u00e4nds. Om din motor har allvarliga problem med inre friktion kan f\u00f6rb\u00e4ttringen med TriboDyn\u00ae vara mycket dramatisk. Det \u00e4r mindre m\u00e4rkbart i motorer som \u00e4r i gott skick.<\/div><\/div><!-- .lvca-panel --><div class=\"lvca-panel\" id=\"\"><div class=\"lvca-panel-title\">Pident\u00e4\u00e4k\u00f6 TriboDyn\u00ae moottorin k\u00e4ytt\u00f6ik\u00e4\u00e4?<\/div><div class=\"lvca-panel-content\">TriboDyn\u00ae \u00e4r utformad f\u00f6r att minimera friktion och slitage, f\u00f6rl\u00e4nga komponenternas och motorns livsl\u00e4ngd, s\u00e4nka driftstemperaturen och fungera under extremt tryck och v\u00e4rme. Alla dessa f\u00f6rdelar b\u00f6r f\u00f6rl\u00e4nga livsl\u00e4ngden p\u00e5 motorer som drivs med TriboDyn\u00ae-motoroljor. B\u00e4ttre br\u00e4nsleekonomi, f\u00e4rre reparationer i kombination med l\u00e4ngre livsl\u00e4ngd f\u00f6r motorn inneb\u00e4r besparingar i driftskostnaderna.<\/div><\/div><!-- .lvca-panel --><div class=\"lvca-panel\" id=\"\"><div class=\"lvca-panel-title\">Onko TriboDyn\u00ae moottoripy\u00f6r\u00e4\u00f6ljyj\u00e4 sek\u00e4 kuiva- ett\u00e4 m\u00e4rk\u00e4kytkinmoottoreihin?<\/div><div class=\"lvca-panel-content\">TriboDyn\u00ae motorolja fungerar mycket bra i 4-taktsmotorer med separat sump och torrkoppling. TriboDyn\u00ae JASO MA2 motorcykelolja \u00e4r avsedd f\u00f6r anv\u00e4ndning i applikationer med v\u00e5tkoppling, d\u00e4r motoroljan \u00e4ven anv\u00e4nds f\u00f6r att sm\u00f6rja v\u00e4xell\u00e5dan och kopplingen (v\u00e5tkoppling).<\/div><\/div><!-- .lvca-panel --><div class=\"lvca-panel\" id=\"\"><div class=\"lvca-panel-title\">Ent\u00e4 uuden auton takuu?<\/div><div class=\"lvca-panel-content\">TriboDyn\u00ae p\u00e5verkar inte garantin f\u00f6r din nya bil. Vi rekommenderar att du k\u00f6r din nya bil i 2000-5000 km innan du fyller p\u00e5 TriboDyn\u00ae motorolja.<\/div><\/div><!-- .lvca-panel --><div class=\"lvca-panel\" id=\"\"><div class=\"lvca-panel-title\">Auttaako TriboDyn\u00ae:in k\u00e4ytt\u00f6 \u00f6ljy\u00e4 kuluttavassa moottorissa?<\/div><div class=\"lvca-panel-content\">M\u00e5nga gamla motorer visar tecken p\u00e5 att de br\u00e4nner olja. Oberoende tester har visat att TriboDyn\u00ae f\u00f6rb\u00e4ttrar kolvringarnas t\u00e4thet, vilket \u00f6kar br\u00e4nsleekonomin och minskar oljef\u00f6rbrukningen. TriboDyn\u00ae kan ocks\u00e5 i vissa fall hj\u00e4lpa till genom att lossa delvis fastsittande kolvringar. Men om kolvringarna har fastnat ordentligt i sp\u00e5ren eller cylindern \u00e4r f\u00f6r l\u00f6s kan inget sm\u00f6rjmedel eliminera oljef\u00f6rbrukningen.<\/div><\/div><!-- .lvca-panel --><div class=\"lvca-panel\" id=\"\"><div class=\"lvca-panel-title\">Voiko TriboDyn\u00ae vahingoittaa \u00f6ljysuodatinta?<\/div><div class=\"lvca-panel-content\">Nej. TriboDyn\u00ae \u00e4r tillverkad av r\u00e5material som inte t\u00e4pper till eller st\u00f6r normal oljefiltrering. TriboDyn kritiska sm\u00f6rjmedel filtreras inte av konventionella eller h\u00f6geffektiva filtreringssystem med sk\u00e4rmar\/filter p\u00e5 4 mikron eller st\u00f6rre.<\/div><\/div><!-- .lvca-panel --><div class=\"lvca-panel\" id=\"\"><div class=\"lvca-panel-title\">Toimiiko TriboDyn\u00ae vanhempien moottoreiden kanssa?<\/div><div class=\"lvca-panel-content\">Ja, det st\u00e4mmer. N\u00e4r det g\u00e4ller en gammal klassiker med oljor fr\u00e5n f\u00f6re 1950 rekommenderar vi dock att du demonterar motorn och fysiskt reng\u00f6r vevhuset och ventilhuvudet fr\u00e5n slam.<\/div><\/div><!-- .lvca-panel --><div class=\"lvca-panel\" id=\"\"><div class=\"lvca-panel-title\">Kuinka TriboDyn\u00ae auttaa kuumak\u00e4ynnistyst\u00e4?<\/div><div class=\"lvca-panel-content\">TriboDyn\u00ae bidrar till att minska friktionen mellan varma motordelar. Oberoende Dyno-testdata visar att motoroljan g\u00e5r svalare vid anv\u00e4ndning av TriboDyn\u00ae-oljor.<\/div><\/div><!-- .lvca-panel --><div class=\"lvca-panel\" id=\"\"><div class=\"lvca-panel-title\">Voiko TriboDyn\u00ae auttaa kylm\u00e4ll\u00e4 s\u00e4\u00e4ll\u00e4?<\/div><div class=\"lvca-panel-content\">TriboDyn\u00ae \u00f6kar starthastigheten f\u00f6r kalla motorer, s\u00e4rskilt f\u00f6r dieselmotorer. Enklare start inneb\u00e4r naturligtvis ocks\u00e5 l\u00e4ngre batteritid!<\/div><\/div><!-- .lvca-panel --><div class=\"lvca-panel\" id=\"\"><div class=\"lvca-panel-title\">Voiko TriboDyn\u00ae: i\u00e4 k\u00e4ytt\u00e4\u00e4 manuaali ja automaattivaihteistossa?<\/div><div class=\"lvca-panel-content\">TriboDyn\u00ae v\u00e4xell\u00e5dsoljor kan anv\u00e4ndas i alla manuella v\u00e4xell\u00e5dor, utom d\u00e4r ATF rekommenderas. TriboDyn\u00ae MV-ATF rekommenderas f\u00f6r automatiska v\u00e4xell\u00e5dor.<\/div><\/div><!-- .lvca-panel --><div class=\"lvca-panel\" id=\"\"><div class=\"lvca-panel-title\">Kuinka TriboDyn\u00ae toimii turboahtimien kanssa?<\/div><div class=\"lvca-panel-content\">Turboladdade motorer fungerar mycket bra med TriboDyn\u00ae.<\/div><\/div><!-- .lvca-panel --><div class=\"lvca-panel\" id=\"\"><div class=\"lvca-panel-title\">Kuinka TriboDyn\u00ae vaikuttaa moottorin kulumiseen?<\/div><div class=\"lvca-panel-content\">TriboDyn\u00ae \u00e4r utformad f\u00f6r att minimera friktion och slitage, f\u00f6rl\u00e4nga komponenternas och motorns livsl\u00e4ngd, s\u00e4nka driftstemperaturen och fungera under extremt tryck och v\u00e4rme. Alla dessa f\u00f6rdelar bidrar till att minska motorslitaget och f\u00f6rl\u00e4nga motorns livsl\u00e4ngd.<\/div><\/div><!-- .lvca-panel --><\/div><!-- .lvca-accordion -->[\/vc_column][\/vc_row]\n","protected":false},"excerpt":{"rendered":"<p>[vc_row type=&#8221;in_container&#8221; full_screen_row_position=&#8221;middle&#8221; column_margin=&#8221;default&#8221; column_direction=&#8221;default&#8221; column_direction_tablet=&#8221;default&#8221; column_direction_phone=&#8221;default&#8221; scene_position=&#8221;center&#8221; text_color=&#8221;dark&#8221; text_align=&#8221;left&#8221; row_border_radius=&#8221;none&#8221; row_border_radius_applies=&#8221;bg&#8221; overflow=&#8221;visible&#8221; overlay_strength=&#8221;0.3&#8243; gradient_direction=&#8221;left_to_right&#8221; shape_divider_position=&#8221;bottom&#8221; bg_image_animation=&#8221;none&#8221;][vc_column column_padding=&#8221;no-extra-padding&#8221; column_padding_tablet=&#8221;inherit&#8221; column_padding_phone=&#8221;inherit&#8221; column_padding_position=&#8221;all&#8221; column_element_spacing=&#8221;default&#8221; background_color_opacity=&#8221;1&#8243; background_hover_color_opacity=&#8221;1&#8243; column_shadow=&#8221;none&#8221; column_border_radius=&#8221;none&#8221; column_link_target=&#8221;_self&#8221; column_position=&#8221;default&#8221; gradient_direction=&#8221;left_to_right&#8221; overlay_strength=&#8221;0.3&#8243;&#8230;<\/p>\n","protected":false},"author":1,"featured_media":0,"parent":0,"menu_order":0,"comment_status":"closed","ping_status":"closed","template":"","meta":{"footnotes":""},"class_list":["post-2119","page","type-page","status-publish"],"jetpack_sharing_enabled":true,"_links":{"self":[{"href":"https:\/\/www.tribodyn-nordic.com\/sv\/wp-json\/wp\/v2\/pages\/2119","targetHints":{"allow":["GET"]}}],"collection":[{"href":"https:\/\/www.tribodyn-nordic.com\/sv\/wp-json\/wp\/v2\/pages"}],"about":[{"href":"https:\/\/www.tribodyn-nordic.com\/sv\/wp-json\/wp\/v2\/types\/page"}],"author":[{"embeddable":true,"href":"https:\/\/www.tribodyn-nordic.com\/sv\/wp-json\/wp\/v2\/users\/1"}],"replies":[{"embeddable":true,"href":"https:\/\/www.tribodyn-nordic.com\/sv\/wp-json\/wp\/v2\/comments?post=2119"}],"version-history":[{"count":1,"href":"https:\/\/www.tribodyn-nordic.com\/sv\/wp-json\/wp\/v2\/pages\/2119\/revisions"}],"predecessor-version":[{"id":2130,"href":"https:\/\/www.tribodyn-nordic.com\/sv\/wp-json\/wp\/v2\/pages\/2119\/revisions\/2130"}],"wp:attachment":[{"href":"https:\/\/www.tribodyn-nordic.com\/sv\/wp-json\/wp\/v2\/media?parent=2119"}],"curies":[{"name":"wp","href":"https:\/\/api.w.org\/{rel}","templated":true}]}}